{"id":13137,"date":"2022-12-28T08:10:49","date_gmt":"2022-12-28T07:10:49","guid":{"rendered":"https:\/\/www.dental-lab.fr\/dentisterie-numerique\/"},"modified":"2023-10-13T18:59:02","modified_gmt":"2023-10-13T16:59:02","slug":"dentisterie-numerique","status":"publish","type":"page","link":"https:\/\/www.dental-lab.fr\/fr\/dentisterie-numerique\/","title":{"rendered":"DENTISTERIE NUM\u00c9RIQUE"},"content":{"rendered":"<h1>DENTISTERIE NUM\u00c9RIQUE<\/h1>\n<h2>La dentisterie num\u00e9rique gr\u00e2ce \u00e0 l&rsquo;impression 3D<\/h2>\n<p>Chez Dental-Lab, le bien-\u00eatre et la s\u00e9curit\u00e9 de nos patients sont notre priorit\u00e9. L&rsquo;int\u00e9gration de la technologie 3D dans notre pratique nous permet d&rsquo;offrir des solutions plus rapides et plus s\u00fbres.<\/p>\n<p>Les nouvelles technologies et les programmes informatiques permettent d&rsquo;obtenir des images tridimensionnelles de la bouche et des pi\u00e8ces buccales dans les moindres d\u00e9tails. Nous sommes actuellement un laboratoire \u00e0 service complet avec des scanners 3Shape, des scanners d&#8217;empreintes num\u00e9riques, des imprimantes 3D imprimant des couronnes partielles.<\/p>\n<p>L&rsquo;utilisation de la technologie CAD\/CAM et du scanner buccal r\u00e9duit la peur, la douleur et l&rsquo;inflammation des patients. Ils minimisent \u00e9galement les erreurs et r\u00e9duisent le temps d&rsquo;intervention gr\u00e2ce \u00e0 l&rsquo;\u00e9tude et au diagnostic pr\u00e9alables par le biais d&rsquo;images tridimensionnelles, ce qui permet au laboratoire dentaire de fournir les pi\u00e8ces dentaires avec une pr\u00e9cision exacte.<\/p>\n<p>Nos dentistes sp\u00e9cialis\u00e9s peuvent travailler sur ces images tridimensionnelles comme s&rsquo;ils \u00e9taient dans la bouche elle-m\u00eame, afin d&rsquo;\u00e9tudier, de diagnostiquer et de planifier le traitement dentaire \u00e0 appliquer confortablement (tant pour eux que pour le patient).<\/p>\n<h2>Technique st\u00e9r\u00e9o-microscopique<\/h2>\n<p>Les r\u00e9sultats obtenus avec la technique st\u00e9r\u00e9o-microscopique permettent de r\u00e9duire les \u00e9tapes interm\u00e9diaires de la production de la proth\u00e8se. Gr\u00e2ce \u00e0 cette technique, la visualisation des bords sous-gingivaux et de toute la p\u00e9riph\u00e9rie du moignon est pr\u00e9cise et exacte, ce qui permet d&rsquo;obtenir une adaptation parfaite.<\/p>\n<p>Toutes nos proth\u00e8ses amovibles sont soumises aux contr\u00f4les les plus stricts de l&rsquo;UE afin de r\u00e9pondre aux normes europ\u00e9ennes. C&rsquo;est pourquoi nos produits b\u00e9n\u00e9ficient d&rsquo;une garantie de deux ans. Gr\u00e2ce \u00e0 la st\u00e9r\u00e9o-microscopie, nous travaillons mieux, de mani\u00e8re plus fiable, plus rapide et plus \u00e9conomique, car nous \u00e9vitons les \u00e9tapes interm\u00e9diaires qui rench\u00e9rissent le produit final. En outre, les prix de nos dents et proth\u00e8ses en r\u00e9sine comprennent la livraison des dents IVOCLAR (Liechtenstein), qui sont d&rsquo;excellente qualit\u00e9.<\/p>\n<p>Demandez plus d&rsquo;informations sans engagement, nous vous conseillerons gratuitement sur notre service.<\/p>\n","protected":false},"excerpt":{"rendered":"<p>DENTISTERIE NUM\u00c9RIQUE La dentisterie num\u00e9rique gr\u00e2ce \u00e0 l&rsquo;impression 3D Chez Dental-Lab, le bien-\u00eatre et la s\u00e9curit\u00e9 de nos patients sont notre priorit\u00e9. L&rsquo;int\u00e9gration de la technologie 3D dans notre pratique nous permet d&rsquo;offrir des solutions plus rapides et plus s\u00fbres. Les nouvelles technologies et les programmes informatiques permettent d&rsquo;obtenir des images tridimensionnelles de la bouche [&hellip;]<\/p>\n","protected":false},"author":1,"featured_media":0,"parent":0,"menu_order":0,"comment_status":"closed","ping_status":"closed","template":"elementor_header_footer","meta":{"inline_featured_image":false,"footnotes":""},"class_list":["post-13137","page","type-page","status-publish","hentry"],"yoast_head":"<!-- This site is optimized with the Yoast SEO plugin v27.5 - https:\/\/yoast.com\/product\/yoast-seo-wordpress\/ -->\n<title>La dentisterie num\u00e9rique gr\u00e2ce \u00e0 l&#039;impression 3D<\/title>\n<meta name=\"description\" content=\"L&#039;int\u00e9gration de la technologie 3D dans notre pratique nous permet d&#039;offrir des solutions plus rapides et plus s\u00fbres.\" \/>\n<meta name=\"robots\" content=\"index, follow, max-snippet:-1, max-image-preview:large, max-video-preview:-1\" \/>\n<link rel=\"canonical\" href=\"https:\/\/www.dental-lab.fr\/fr\/dentisterie-numerique\/\" \/>\n<meta name=\"twitter:label1\" content=\"Dur\u00e9e de lecture estim\u00e9e\" \/>\n\t<meta name=\"twitter:data1\" content=\"2 minutes\" \/>\n<script type=\"application\/ld+json\" class=\"yoast-schema-graph\">{\"@context\":\"https:\\\/\\\/schema.org\",\"@graph\":[{\"@type\":\"WebPage\",\"@id\":\"https:\\\/\\\/www.dental-lab.fr\\\/fr\\\/dentisterie-numerique\\\/\",\"url\":\"https:\\\/\\\/www.dental-lab.fr\\\/fr\\\/dentisterie-numerique\\\/\",\"name\":\"La dentisterie num\u00e9rique gr\u00e2ce \u00e0 l'impression 3D\",\"isPartOf\":{\"@id\":\"https:\\\/\\\/www.dental-lab.fr\\\/fr\\\/#website\"},\"datePublished\":\"2022-12-28T07:10:49+00:00\",\"dateModified\":\"2023-10-13T16:59:02+00:00\",\"description\":\"L'int\u00e9gration de la technologie 3D dans notre pratique nous permet d'offrir des solutions plus rapides et plus s\u00fbres.\",\"inLanguage\":\"fr-FR\",\"potentialAction\":[{\"@type\":\"ReadAction\",\"target\":[\"https:\\\/\\\/www.dental-lab.fr\\\/fr\\\/dentisterie-numerique\\\/\"]}]},{\"@type\":\"WebSite\",\"@id\":\"https:\\\/\\\/www.dental-lab.fr\\\/fr\\\/#website\",\"url\":\"https:\\\/\\\/www.dental-lab.fr\\\/fr\\\/\",\"name\":\"Dental Lab\",\"description\":\"Laboratoire Dental\",\"publisher\":{\"@id\":\"https:\\\/\\\/www.dental-lab.fr\\\/fr\\\/#organization\"},\"potentialAction\":[{\"@type\":\"SearchAction\",\"target\":{\"@type\":\"EntryPoint\",\"urlTemplate\":\"https:\\\/\\\/www.dental-lab.fr\\\/fr\\\/?s={search_term_string}\"},\"query-input\":{\"@type\":\"PropertyValueSpecification\",\"valueRequired\":true,\"valueName\":\"search_term_string\"}}],\"inLanguage\":\"fr-FR\"},{\"@type\":\"Organization\",\"@id\":\"https:\\\/\\\/www.dental-lab.fr\\\/fr\\\/#organization\",\"name\":\"Dental Lab\",\"url\":\"https:\\\/\\\/www.dental-lab.fr\\\/fr\\\/\",\"logo\":{\"@type\":\"ImageObject\",\"inLanguage\":\"fr-FR\",\"@id\":\"https:\\\/\\\/www.dental-lab.fr\\\/fr\\\/#\\\/schema\\\/logo\\\/image\\\/\",\"url\":\"https:\\\/\\\/www.dental-lab.fr\\\/wp-content\\\/uploads\\\/2014\\\/07\\\/logolineas.jpg\",\"contentUrl\":\"https:\\\/\\\/www.dental-lab.fr\\\/wp-content\\\/uploads\\\/2014\\\/07\\\/logolineas.jpg\",\"width\":180,\"height\":100,\"caption\":\"Dental Lab\"},\"image\":{\"@id\":\"https:\\\/\\\/www.dental-lab.fr\\\/fr\\\/#\\\/schema\\\/logo\\\/image\\\/\"}}]}<\/script>\n<!-- \/ Yoast SEO plugin. -->","yoast_head_json":{"title":"La dentisterie num\u00e9rique gr\u00e2ce \u00e0 l'impression 3D","description":"L'int\u00e9gration de la technologie 3D dans notre pratique nous permet d'offrir des solutions plus rapides et plus s\u00fbres.","robots":{"index":"index","follow":"follow","max-snippet":"max-snippet:-1","max-image-preview":"max-image-preview:large","max-video-preview":"max-video-preview:-1"},"canonical":"https:\/\/www.dental-lab.fr\/fr\/dentisterie-numerique\/","twitter_misc":{"Dur\u00e9e de lecture estim\u00e9e":"2 minutes"},"schema":{"@context":"https:\/\/schema.org","@graph":[{"@type":"WebPage","@id":"https:\/\/www.dental-lab.fr\/fr\/dentisterie-numerique\/","url":"https:\/\/www.dental-lab.fr\/fr\/dentisterie-numerique\/","name":"La dentisterie num\u00e9rique gr\u00e2ce \u00e0 l'impression 3D","isPartOf":{"@id":"https:\/\/www.dental-lab.fr\/fr\/#website"},"datePublished":"2022-12-28T07:10:49+00:00","dateModified":"2023-10-13T16:59:02+00:00","description":"L'int\u00e9gration de la technologie 3D dans notre pratique nous permet d'offrir des solutions plus rapides et plus s\u00fbres.","inLanguage":"fr-FR","potentialAction":[{"@type":"ReadAction","target":["https:\/\/www.dental-lab.fr\/fr\/dentisterie-numerique\/"]}]},{"@type":"WebSite","@id":"https:\/\/www.dental-lab.fr\/fr\/#website","url":"https:\/\/www.dental-lab.fr\/fr\/","name":"Dental Lab","description":"Laboratoire Dental","publisher":{"@id":"https:\/\/www.dental-lab.fr\/fr\/#organization"},"potentialAction":[{"@type":"SearchAction","target":{"@type":"EntryPoint","urlTemplate":"https:\/\/www.dental-lab.fr\/fr\/?s={search_term_string}"},"query-input":{"@type":"PropertyValueSpecification","valueRequired":true,"valueName":"search_term_string"}}],"inLanguage":"fr-FR"},{"@type":"Organization","@id":"https:\/\/www.dental-lab.fr\/fr\/#organization","name":"Dental Lab","url":"https:\/\/www.dental-lab.fr\/fr\/","logo":{"@type":"ImageObject","inLanguage":"fr-FR","@id":"https:\/\/www.dental-lab.fr\/fr\/#\/schema\/logo\/image\/","url":"https:\/\/www.dental-lab.fr\/wp-content\/uploads\/2014\/07\/logolineas.jpg","contentUrl":"https:\/\/www.dental-lab.fr\/wp-content\/uploads\/2014\/07\/logolineas.jpg","width":180,"height":100,"caption":"Dental Lab"},"image":{"@id":"https:\/\/www.dental-lab.fr\/fr\/#\/schema\/logo\/image\/"}}]}},"_links":{"self":[{"href":"https:\/\/www.dental-lab.fr\/fr\/wp-json\/wp\/v2\/pages\/13137","targetHints":{"allow":["GET"]}}],"collection":[{"href":"https:\/\/www.dental-lab.fr\/fr\/wp-json\/wp\/v2\/pages"}],"about":[{"href":"https:\/\/www.dental-lab.fr\/fr\/wp-json\/wp\/v2\/types\/page"}],"author":[{"embeddable":true,"href":"https:\/\/www.dental-lab.fr\/fr\/wp-json\/wp\/v2\/users\/1"}],"replies":[{"embeddable":true,"href":"https:\/\/www.dental-lab.fr\/fr\/wp-json\/wp\/v2\/comments?post=13137"}],"version-history":[{"count":0,"href":"https:\/\/www.dental-lab.fr\/fr\/wp-json\/wp\/v2\/pages\/13137\/revisions"}],"wp:attachment":[{"href":"https:\/\/www.dental-lab.fr\/fr\/wp-json\/wp\/v2\/media?parent=13137"}],"curies":[{"name":"wp","href":"https:\/\/api.w.org\/{rel}","templated":true}]}}