{"id":13164,"date":"2023-02-02T07:31:44","date_gmt":"2023-02-02T06:31:44","guid":{"rendered":"https:\/\/www.dental-lab.fr\/commandes-de-laboratoire\/"},"modified":"2023-10-13T18:59:01","modified_gmt":"2023-10-13T16:59:01","slug":"commandes-de-laboratoire","status":"publish","type":"page","link":"https:\/\/www.dental-lab.fr\/fr\/commandes-de-laboratoire\/","title":{"rendered":"Commandes de laboratoire"},"content":{"rendered":"<h1>Production de plaques<\/h1>\n<p>Chez Dental-lab, nous vidons vos empreintes d\u00e8s leur r\u00e9ception. De plus, afin de vous offrir la plus grande satisfaction et d&rsquo;\u00e9viter tout risque de variation dimensionnelle de votre alginate lors du transport, nous vous sugg\u00e9rons de vider le fond de vos tirages.<\/p>\n<p>R\u00e9alisez le croquis sur votre mod\u00e8le en pl\u00e2tre ou faites un dessin de la planche sur le m\u00eame bon de commande.<\/p>\n<p><strong>\u00c9vitez d&rsquo;utiliser des cires qui se fissurent facilement, telles que MOYCO ou la p\u00e2te de Kerr, qui risquent d&rsquo;arriver en mauvais \u00e9tat.<\/strong><\/p>\n<h4>\u00c9TAPES POUR PASSER UNE COMMANDE<\/h4>\n<h2>1<\/h2>\n<figure><img decoding=\"async\" width=\"512\" height=\"512\" src=\"https:\/\/www.dental-lab.fr\/wp-content\/uploads\/2023\/09\/1084299.png\" alt=\"\" loading=\"lazy\" \/><\/figure>\n<h3><strong>T\u00e9l\u00e9charger <\/strong>l&rsquo;ordonnance de laboratoire<\/h3>\n<p>\t\t\t<a href=\"https:\/\/www.dental-lab.fr\/wp-content\/uploads\/2014\/07\/orden_lab.pdf\">T\u00e9l\u00e9charger le fichier de commande<\/a>\t\t<\/p>\n<h2>2<\/h2>\n<figure><img decoding=\"async\" width=\"512\" height=\"512\" src=\"https:\/\/www.dental-lab.fr\/wp-content\/uploads\/2023\/09\/3569998.png\" alt=\"\" loading=\"lazy\" \/><\/figure>\n<h3>Apr\u00e8s avoir t\u00e9l\u00e9charg\u00e9 la commande, <strong>imprimez-la<\/strong> et cochez les cases souhait\u00e9es.<\/h3>\n<p>\t\t\t\t\t\t\t\t\t\t\t\t\t\t\t<img decoding=\"async\" width=\"748\" height=\"151\" src=\"https:\/\/www.dental-lab.fr\/wp-content\/uploads\/2023\/02\/muestra.jpg\" alt=\"\" loading=\"lazy\" srcset=\"https:\/\/www.dental-lab.fr\/wp-content\/uploads\/2023\/02\/muestra.jpg 748w, https:\/\/www.dental-lab.fr\/wp-content\/uploads\/2023\/02\/muestra-300x61.jpg 300w\" sizes=\"auto, (max-width: 748px) 100vw, 748px\" \/>\t\t\t\t\t\t\t\t\t\t\t\t\t\t\t<\/p>\n<h2>3<\/h2>\n<figure><img decoding=\"async\" width=\"512\" height=\"512\" src=\"https:\/\/www.dental-lab.fr\/wp-content\/uploads\/2023\/09\/3063758.png\" alt=\"\" loading=\"lazy\" \/><\/figure>\n<h3><strong>Envoyez la commande <\/strong>avec le paquet <b>.<\/h3>\n","protected":false},"excerpt":{"rendered":"<p>Production de plaques Chez Dental-lab, nous vidons vos empreintes d\u00e8s leur r\u00e9ception. De plus, afin de vous offrir la plus grande satisfaction et d&rsquo;\u00e9viter tout risque de variation dimensionnelle de votre alginate lors du transport, nous vous sugg\u00e9rons de vider le fond de vos tirages. R\u00e9alisez le croquis sur votre mod\u00e8le en pl\u00e2tre ou faites [&hellip;]<\/p>\n","protected":false},"author":1,"featured_media":0,"parent":0,"menu_order":0,"comment_status":"closed","ping_status":"closed","template":"elementor_header_footer","meta":{"inline_featured_image":false,"footnotes":""},"class_list":["post-13164","page","type-page","status-publish","hentry"],"yoast_head":"<!-- This site is optimized with the Yoast SEO plugin v27.5 - https:\/\/yoast.com\/product\/yoast-seo-wordpress\/ -->\n<title>Etapes pour passer une commande \u00e0 Dental Lab<\/title>\n<meta name=\"description\" content=\"R\u00e9alisez le croquis sur votre mod\u00e8le en pl\u00e2tre ou faites un dessin de la planche sur le m\u00eame bon de commande.\" \/>\n<meta name=\"robots\" content=\"index, follow, max-snippet:-1, max-image-preview:large, max-video-preview:-1\" \/>\n<link rel=\"canonical\" href=\"https:\/\/www.dental-lab.fr\/fr\/commandes-de-laboratoire\/\" \/>\n<meta name=\"twitter:label1\" content=\"Dur\u00e9e de lecture estim\u00e9e\" \/>\n\t<meta name=\"twitter:data1\" content=\"1 minute\" \/>\n<script type=\"application\/ld+json\" class=\"yoast-schema-graph\">{\"@context\":\"https:\\\/\\\/schema.org\",\"@graph\":[{\"@type\":\"WebPage\",\"@id\":\"https:\\\/\\\/www.dental-lab.fr\\\/fr\\\/commandes-de-laboratoire\\\/\",\"url\":\"https:\\\/\\\/www.dental-lab.fr\\\/fr\\\/commandes-de-laboratoire\\\/\",\"name\":\"Etapes pour passer une commande \u00e0 Dental Lab\",\"isPartOf\":{\"@id\":\"https:\\\/\\\/www.dental-lab.fr\\\/fr\\\/#website\"},\"primaryImageOfPage\":{\"@id\":\"https:\\\/\\\/www.dental-lab.fr\\\/fr\\\/commandes-de-laboratoire\\\/#primaryimage\"},\"image\":{\"@id\":\"https:\\\/\\\/www.dental-lab.fr\\\/fr\\\/commandes-de-laboratoire\\\/#primaryimage\"},\"thumbnailUrl\":\"https:\\\/\\\/www.dental-lab.fr\\\/wp-content\\\/uploads\\\/2023\\\/09\\\/1084299.png\",\"datePublished\":\"2023-02-02T06:31:44+00:00\",\"dateModified\":\"2023-10-13T16:59:01+00:00\",\"description\":\"R\u00e9alisez le croquis sur votre mod\u00e8le en pl\u00e2tre ou faites un dessin de la planche sur le m\u00eame bon de commande.\",\"inLanguage\":\"fr-FR\",\"potentialAction\":[{\"@type\":\"ReadAction\",\"target\":[\"https:\\\/\\\/www.dental-lab.fr\\\/fr\\\/commandes-de-laboratoire\\\/\"]}]},{\"@type\":\"ImageObject\",\"inLanguage\":\"fr-FR\",\"@id\":\"https:\\\/\\\/www.dental-lab.fr\\\/fr\\\/commandes-de-laboratoire\\\/#primaryimage\",\"url\":\"https:\\\/\\\/www.dental-lab.fr\\\/wp-content\\\/uploads\\\/2023\\\/09\\\/1084299.png\",\"contentUrl\":\"https:\\\/\\\/www.dental-lab.fr\\\/wp-content\\\/uploads\\\/2023\\\/09\\\/1084299.png\"},{\"@type\":\"WebSite\",\"@id\":\"https:\\\/\\\/www.dental-lab.fr\\\/fr\\\/#website\",\"url\":\"https:\\\/\\\/www.dental-lab.fr\\\/fr\\\/\",\"name\":\"Dental Lab\",\"description\":\"Laboratoire Dental\",\"publisher\":{\"@id\":\"https:\\\/\\\/www.dental-lab.fr\\\/fr\\\/#organization\"},\"potentialAction\":[{\"@type\":\"SearchAction\",\"target\":{\"@type\":\"EntryPoint\",\"urlTemplate\":\"https:\\\/\\\/www.dental-lab.fr\\\/fr\\\/?s={search_term_string}\"},\"query-input\":{\"@type\":\"PropertyValueSpecification\",\"valueRequired\":true,\"valueName\":\"search_term_string\"}}],\"inLanguage\":\"fr-FR\"},{\"@type\":\"Organization\",\"@id\":\"https:\\\/\\\/www.dental-lab.fr\\\/fr\\\/#organization\",\"name\":\"Dental Lab\",\"url\":\"https:\\\/\\\/www.dental-lab.fr\\\/fr\\\/\",\"logo\":{\"@type\":\"ImageObject\",\"inLanguage\":\"fr-FR\",\"@id\":\"https:\\\/\\\/www.dental-lab.fr\\\/fr\\\/#\\\/schema\\\/logo\\\/image\\\/\",\"url\":\"https:\\\/\\\/www.dental-lab.fr\\\/wp-content\\\/uploads\\\/2014\\\/07\\\/logolineas.jpg\",\"contentUrl\":\"https:\\\/\\\/www.dental-lab.fr\\\/wp-content\\\/uploads\\\/2014\\\/07\\\/logolineas.jpg\",\"width\":180,\"height\":100,\"caption\":\"Dental Lab\"},\"image\":{\"@id\":\"https:\\\/\\\/www.dental-lab.fr\\\/fr\\\/#\\\/schema\\\/logo\\\/image\\\/\"}}]}<\/script>\n<!-- \/ Yoast SEO plugin. -->","yoast_head_json":{"title":"Etapes pour passer une commande \u00e0 Dental Lab","description":"R\u00e9alisez le croquis sur votre mod\u00e8le en pl\u00e2tre ou faites un dessin de la planche sur le m\u00eame bon de commande.","robots":{"index":"index","follow":"follow","max-snippet":"max-snippet:-1","max-image-preview":"max-image-preview:large","max-video-preview":"max-video-preview:-1"},"canonical":"https:\/\/www.dental-lab.fr\/fr\/commandes-de-laboratoire\/","twitter_misc":{"Dur\u00e9e de lecture estim\u00e9e":"1 minute"},"schema":{"@context":"https:\/\/schema.org","@graph":[{"@type":"WebPage","@id":"https:\/\/www.dental-lab.fr\/fr\/commandes-de-laboratoire\/","url":"https:\/\/www.dental-lab.fr\/fr\/commandes-de-laboratoire\/","name":"Etapes pour passer une commande \u00e0 Dental Lab","isPartOf":{"@id":"https:\/\/www.dental-lab.fr\/fr\/#website"},"primaryImageOfPage":{"@id":"https:\/\/www.dental-lab.fr\/fr\/commandes-de-laboratoire\/#primaryimage"},"image":{"@id":"https:\/\/www.dental-lab.fr\/fr\/commandes-de-laboratoire\/#primaryimage"},"thumbnailUrl":"https:\/\/www.dental-lab.fr\/wp-content\/uploads\/2023\/09\/1084299.png","datePublished":"2023-02-02T06:31:44+00:00","dateModified":"2023-10-13T16:59:01+00:00","description":"R\u00e9alisez le croquis sur votre mod\u00e8le en pl\u00e2tre ou faites un dessin de la planche sur le m\u00eame bon de commande.","inLanguage":"fr-FR","potentialAction":[{"@type":"ReadAction","target":["https:\/\/www.dental-lab.fr\/fr\/commandes-de-laboratoire\/"]}]},{"@type":"ImageObject","inLanguage":"fr-FR","@id":"https:\/\/www.dental-lab.fr\/fr\/commandes-de-laboratoire\/#primaryimage","url":"https:\/\/www.dental-lab.fr\/wp-content\/uploads\/2023\/09\/1084299.png","contentUrl":"https:\/\/www.dental-lab.fr\/wp-content\/uploads\/2023\/09\/1084299.png"},{"@type":"WebSite","@id":"https:\/\/www.dental-lab.fr\/fr\/#website","url":"https:\/\/www.dental-lab.fr\/fr\/","name":"Dental Lab","description":"Laboratoire Dental","publisher":{"@id":"https:\/\/www.dental-lab.fr\/fr\/#organization"},"potentialAction":[{"@type":"SearchAction","target":{"@type":"EntryPoint","urlTemplate":"https:\/\/www.dental-lab.fr\/fr\/?s={search_term_string}"},"query-input":{"@type":"PropertyValueSpecification","valueRequired":true,"valueName":"search_term_string"}}],"inLanguage":"fr-FR"},{"@type":"Organization","@id":"https:\/\/www.dental-lab.fr\/fr\/#organization","name":"Dental Lab","url":"https:\/\/www.dental-lab.fr\/fr\/","logo":{"@type":"ImageObject","inLanguage":"fr-FR","@id":"https:\/\/www.dental-lab.fr\/fr\/#\/schema\/logo\/image\/","url":"https:\/\/www.dental-lab.fr\/wp-content\/uploads\/2014\/07\/logolineas.jpg","contentUrl":"https:\/\/www.dental-lab.fr\/wp-content\/uploads\/2014\/07\/logolineas.jpg","width":180,"height":100,"caption":"Dental Lab"},"image":{"@id":"https:\/\/www.dental-lab.fr\/fr\/#\/schema\/logo\/image\/"}}]}},"_links":{"self":[{"href":"https:\/\/www.dental-lab.fr\/fr\/wp-json\/wp\/v2\/pages\/13164","targetHints":{"allow":["GET"]}}],"collection":[{"href":"https:\/\/www.dental-lab.fr\/fr\/wp-json\/wp\/v2\/pages"}],"about":[{"href":"https:\/\/www.dental-lab.fr\/fr\/wp-json\/wp\/v2\/types\/page"}],"author":[{"embeddable":true,"href":"https:\/\/www.dental-lab.fr\/fr\/wp-json\/wp\/v2\/users\/1"}],"replies":[{"embeddable":true,"href":"https:\/\/www.dental-lab.fr\/fr\/wp-json\/wp\/v2\/comments?post=13164"}],"version-history":[{"count":0,"href":"https:\/\/www.dental-lab.fr\/fr\/wp-json\/wp\/v2\/pages\/13164\/revisions"}],"wp:attachment":[{"href":"https:\/\/www.dental-lab.fr\/fr\/wp-json\/wp\/v2\/media?parent=13164"}],"curies":[{"name":"wp","href":"https:\/\/api.w.org\/{rel}","templated":true}]}}