{"id":13185,"date":"2022-12-27T17:19:52","date_gmt":"2022-12-27T16:19:52","guid":{"rendered":"https:\/\/www.dental-lab.fr\/accueil\/"},"modified":"2023-10-13T18:59:00","modified_gmt":"2023-10-13T16:59:00","slug":"accueil","status":"publish","type":"page","link":"https:\/\/www.dental-lab.fr\/fr\/","title":{"rendered":"Accueil"},"content":{"rendered":"\t\t<div data-elementor-type=\"wp-page\" data-elementor-id=\"13185\" class=\"elementor elementor-13185 elementor-10715\" data-elementor-post-type=\"page\">\n\t\t\t\t\t\t<section class=\"elementor-section elementor-top-section elementor-element elementor-element-8e2ec90 elementor-section-full_width elementor-section-height-full elementor-section-content-middle elementor-section-height-default elementor-section-items-middle\" data-id=\"8e2ec90\" data-element_type=\"section\" data-e-type=\"section\" data-settings=\"{&quot;background_background&quot;:&quot;video&quot;,&quot;background_video_link&quot;:&quot;https:\\\/\\\/vimeo.com\\\/865926250?share=copy&quot;}\">\n\t\t\t\t\t\t\t\t<div class=\"elementor-background-video-container elementor-hidden-mobile\">\n\t\t\t\t\t\t\t\t\t\t\t\t\t<div class=\"elementor-background-video-embed\" role=\"presentation\"><\/div>\n\t\t\t\t\t\t\t\t\t\t\t\t<\/div>\n\t\t\t\t\t\t\t\t\t<div class=\"elementor-background-overlay\"><\/div>\n\t\t\t\t\t\t\t<div class=\"elementor-container elementor-column-gap-default\">\n\t\t\t\t\t<div class=\"elementor-column elementor-col-100 elementor-top-column elementor-element elementor-element-27ba093\" data-id=\"27ba093\" data-element_type=\"column\" data-e-type=\"column\" data-settings=\"{&quot;background_background&quot;:&quot;classic&quot;}\">\n\t\t\t<div class=\"elementor-widget-wrap elementor-element-populated\">\n\t\t\t\t\t\t<div class=\"elementor-element elementor-element-b6aa9de elementor-widget__width-initial elementor-widget elementor-widget-heading\" data-id=\"b6aa9de\" data-element_type=\"widget\" data-e-type=\"widget\" data-widget_type=\"heading.default\">\n\t\t\t\t<div class=\"elementor-widget-container\">\n\t\t\t\t\t<h1 class=\"elementor-heading-title elementor-size-default\">Am\u00e9liorer les co\u00fbts des laboratoires gr\u00e2ce \u00e0 notre technologie  <\/h1>\t\t\t\t<\/div>\n\t\t\t\t<\/div>\n\t\t\t\t<div class=\"elementor-element elementor-element-a94dba2 elementor-widget__width-initial elementor-widget elementor-widget-heading\" data-id=\"a94dba2\" data-element_type=\"widget\" data-e-type=\"widget\" data-widget_type=\"heading.default\">\n\t\t\t\t<div class=\"elementor-widget-container\">\n\t\t\t\t\t<h2 class=\"elementor-heading-title elementor-size-default\">R\u00e9duire les co\u00fbts de laboratoire jusqu'\u00e0 50 %.<\/h2>\t\t\t\t<\/div>\n\t\t\t\t<\/div>\n\t\t\t\t\t<\/div>\n\t\t<\/div>\n\t\t\t\t\t<\/div>\n\t\t<\/section>\n\t\t\t\t<section class=\"elementor-section elementor-top-section elementor-element elementor-element-91b810d elementor-section-full_width elementor-section-height-default elementor-section-height-default\" data-id=\"91b810d\" data-element_type=\"section\" data-e-type=\"section\" data-settings=\"{&quot;background_background&quot;:&quot;gradient&quot;}\">\n\t\t\t\t\t\t<div class=\"elementor-container elementor-column-gap-default\">\n\t\t\t\t\t<div class=\"elementor-column elementor-col-100 elementor-top-column elementor-element elementor-element-6004337\" data-id=\"6004337\" data-element_type=\"column\" data-e-type=\"column\" data-settings=\"{&quot;background_background&quot;:&quot;classic&quot;}\">\n\t\t\t<div class=\"elementor-widget-wrap elementor-element-populated\">\n\t\t\t\t\t\t<div class=\"elementor-element elementor-element-5b5c2cc elementor-widget__width-initial elementor-widget elementor-widget-heading\" data-id=\"5b5c2cc\" data-element_type=\"widget\" data-e-type=\"widget\" data-widget_type=\"heading.default\">\n\t\t\t\t<div class=\"elementor-widget-container\">\n\t\t\t\t\t<h2 class=\"elementor-heading-title elementor-size-default\">Le laboratoire dentaire de choix pour des centaines de cliniques en Europe.<\/h2>\t\t\t\t<\/div>\n\t\t\t\t<\/div>\n\t\t\t\t\t<\/div>\n\t\t<\/div>\n\t\t\t\t\t<\/div>\n\t\t<\/section>\n\t\t\t\t<section class=\"elementor-section elementor-top-section elementor-element elementor-element-636d773 elementor-section-full_width elementor-section-height-default elementor-section-height-default\" data-id=\"636d773\" data-element_type=\"section\" data-e-type=\"section\" data-settings=\"{&quot;background_background&quot;:&quot;gradient&quot;}\">\n\t\t\t\t\t\t<div class=\"elementor-container elementor-column-gap-default\">\n\t\t\t\t\t<div class=\"elementor-column elementor-col-50 elementor-top-column elementor-element elementor-element-35cccbf\" data-id=\"35cccbf\" data-element_type=\"column\" data-e-type=\"column\" data-settings=\"{&quot;background_background&quot;:&quot;classic&quot;}\">\n\t\t\t<div class=\"elementor-widget-wrap elementor-element-populated\">\n\t\t\t\t\t\t<div class=\"elementor-element elementor-element-558a1c1 e-transform elementor-widget elementor-widget-image\" data-id=\"558a1c1\" data-element_type=\"widget\" data-e-type=\"widget\" data-settings=\"{&quot;_transform_rotateZ_effect&quot;:{&quot;unit&quot;:&quot;px&quot;,&quot;size&quot;:13,&quot;sizes&quot;:[]},&quot;_transform_rotateZ_effect_tablet&quot;:{&quot;unit&quot;:&quot;deg&quot;,&quot;size&quot;:&quot;&quot;,&quot;sizes&quot;:[]},&quot;_transform_rotateZ_effect_mobile&quot;:{&quot;unit&quot;:&quot;deg&quot;,&quot;size&quot;:&quot;&quot;,&quot;sizes&quot;:[]}}\" data-widget_type=\"image.default\">\n\t\t\t\t<div class=\"elementor-widget-container\">\n\t\t\t\t\t\t\t\t\t\t\t\t\t\t\t<img fetchpriority=\"high\" decoding=\"async\" width=\"600\" height=\"760\" src=\"https:\/\/www.dental-lab.fr\/wp-content\/uploads\/2023\/09\/dental-lab-dents.png\" class=\"attachment-large size-large wp-image-12988\" alt=\"\" srcset=\"https:\/\/www.dental-lab.fr\/wp-content\/uploads\/2023\/09\/dental-lab-dents.png 600w, https:\/\/www.dental-lab.fr\/wp-content\/uploads\/2023\/09\/dental-lab-dents-237x300.png 237w\" sizes=\"(max-width: 600px) 100vw, 600px\" \/>\t\t\t\t\t\t\t\t\t\t\t\t\t\t\t<\/div>\n\t\t\t\t<\/div>\n\t\t\t\t\t<\/div>\n\t\t<\/div>\n\t\t\t\t<div class=\"elementor-column elementor-col-50 elementor-top-column elementor-element elementor-element-0d74b3c\" data-id=\"0d74b3c\" data-element_type=\"column\" data-e-type=\"column\" data-settings=\"{&quot;background_background&quot;:&quot;classic&quot;}\">\n\t\t\t<div class=\"elementor-widget-wrap elementor-element-populated\">\n\t\t\t\t\t\t<div class=\"elementor-element elementor-element-8d132b2 elementor-widget__width-initial elementor-widget elementor-widget-heading\" data-id=\"8d132b2\" data-element_type=\"widget\" data-e-type=\"widget\" data-widget_type=\"heading.default\">\n\t\t\t\t<div class=\"elementor-widget-container\">\n\t\t\t\t\t<h2 class=\"elementor-heading-title elementor-size-default\">Nous r\u00e9duisons les \u00e9tapes interm\u00e9diaires<\/h2>\t\t\t\t<\/div>\n\t\t\t\t<\/div>\n\t\t\t\t<div class=\"elementor-element elementor-element-a40fde1 elementor-widget__width-initial elementor-widget elementor-widget-text-editor\" data-id=\"a40fde1\" data-element_type=\"widget\" data-e-type=\"widget\" data-widget_type=\"text-editor.default\">\n\t\t\t\t<div class=\"elementor-widget-container\">\n\t\t\t\t\t\t\t\t\t<p>Avec plus de 30 ans d&rsquo;exp\u00e9rience dans le secteur dentaire, nous sommes fiers d&rsquo;offrir une attention personnalis\u00e9e aux besoins de nos clients. Engag\u00e9s \u00e0 soutenir l&rsquo;excellence dans la dentisterie, notre objectif chez Dental Lab est de produire des produits et des restaurations dentaires de haute qualit\u00e9. Nous sommes sp\u00e9cialis\u00e9s dans l&rsquo;implantologie et la dentisterie esth\u00e9tique. Nos conseils techniques de pointe et notre gamme compl\u00e8te de produits permettent d&rsquo;offrir des solutions de traitement compl\u00e8tes. Dental Lab vous offre un service complet, gr\u00e2ce aux derni\u00e8res avanc\u00e9es technologiques, qui am\u00e9liorent les r\u00e9sultats obtenus.<\/p>\n\t\t\t\t\t\t\t\t<\/div>\n\t\t\t\t<\/div>\n\t\t\t\t\t<\/div>\n\t\t<\/div>\n\t\t\t\t\t<\/div>\n\t\t<\/section>\n\t\t\t\t<section class=\"elementor-section elementor-top-section elementor-element elementor-element-3ccd6b1 elementor-section-full_width elementor-section-content-middle elementor-section-height-default elementor-section-height-default\" data-id=\"3ccd6b1\" data-element_type=\"section\" data-e-type=\"section\" data-settings=\"{&quot;background_background&quot;:&quot;classic&quot;}\">\n\t\t\t\t\t\t<div class=\"elementor-container elementor-column-gap-default\">\n\t\t\t\t\t<div class=\"elementor-column elementor-col-100 elementor-top-column elementor-element elementor-element-172dd2d\" data-id=\"172dd2d\" data-element_type=\"column\" data-e-type=\"column\">\n\t\t\t<div class=\"elementor-widget-wrap elementor-element-populated\">\n\t\t\t\t\t\t<div class=\"elementor-element elementor-element-1fbff67 elementor-widget elementor-widget-text-editor\" data-id=\"1fbff67\" data-element_type=\"widget\" data-e-type=\"widget\" data-widget_type=\"text-editor.default\">\n\t\t\t\t<div class=\"elementor-widget-container\">\n\t\t\t\t\t\t\t\t\t<p>L&rsquo;impression num\u00e9rique et la fabrication assist\u00e9e par ordinateur (FAO) sont devenues une alternative populaire aux flux de travail conventionnels pour la fabrication de proth\u00e8ses dentaires. La pr\u00e9cision de la proth\u00e8se finale est essentielle dans tout travail, et cette pr\u00e9cision d\u00e9pend de chaque \u00e9tape du processus. Avec les syst\u00e8mes conventionnels, il y a plusieurs \u00e9tapes o\u00f9 des erreurs peuvent \u00eatre commises, comme lors de la prise d&#8217;empreinte, l&rsquo;utilisation de la laque d&rsquo;espacement, les m\u00e9thodes de fabrication des restaurations et les mat\u00e9riaux utilis\u00e9s. Cependant, avec les syst\u00e8mes num\u00e9riques, la pr\u00e9cision d\u00e9pend de la technologie optique utilis\u00e9e et de la pr\u00e9cision des technologies de fabrication des restaurations.&nbsp;  Ces derni\u00e8res ann\u00e9es, ces syst\u00e8mes ont contribu\u00e9 \u00e0<strong>  r\u00e9duire et simplifier les \u00e9tapes interm\u00e9diaires<\/strong>  et les rendre plus reproductibles et moins sujettes aux erreurs de l&rsquo;op\u00e9rateur. C&rsquo;est ainsi que nous avons r\u00e9ussi \u00e0 am\u00e9liorer l&rsquo;efficacit\u00e9 au profit des dentistes et de leurs patients.&nbsp;<\/p>\n\t\t\t\t\t\t\t\t<\/div>\n\t\t\t\t<\/div>\n\t\t\t\t\t<\/div>\n\t\t<\/div>\n\t\t\t\t\t<\/div>\n\t\t<\/section>\n\t\t\t\t<section class=\"elementor-section elementor-top-section elementor-element elementor-element-a91e068 elementor-section-full_width elementor-section-height-default elementor-section-height-default\" data-id=\"a91e068\" data-element_type=\"section\" data-e-type=\"section\" data-settings=\"{&quot;background_background&quot;:&quot;classic&quot;}\">\n\t\t\t\t\t\t<div class=\"elementor-container elementor-column-gap-default\">\n\t\t\t\t\t<div class=\"elementor-column elementor-col-100 elementor-top-column elementor-element elementor-element-bd39968\" data-id=\"bd39968\" data-element_type=\"column\" data-e-type=\"column\" data-settings=\"{&quot;background_background&quot;:&quot;classic&quot;}\">\n\t\t\t<div class=\"elementor-widget-wrap elementor-element-populated\">\n\t\t\t\t\t<div class=\"elementor-background-overlay\"><\/div>\n\t\t\t\t\t\t<div class=\"elementor-element elementor-element-00e46e9 elementor-widget__width-initial elementor-widget elementor-widget-heading\" data-id=\"00e46e9\" data-element_type=\"widget\" data-e-type=\"widget\" data-widget_type=\"heading.default\">\n\t\t\t\t<div class=\"elementor-widget-container\">\n\t\t\t\t\t<h3 class=\"elementor-heading-title elementor-size-default\">Nous rendons le processus facile et la proth\u00e8se parfaite.\n<\/h3>\t\t\t\t<\/div>\n\t\t\t\t<\/div>\n\t\t\t\t<section class=\"elementor-section elementor-inner-section elementor-element elementor-element-f985f16 elementor-section-full_width elementor-section-height-default elementor-section-height-default\" data-id=\"f985f16\" data-element_type=\"section\" data-e-type=\"section\">\n\t\t\t\t\t\t<div class=\"elementor-container elementor-column-gap-default\">\n\t\t\t\t\t<div class=\"elementor-column elementor-col-33 elementor-inner-column elementor-element elementor-element-e6f81d8\" data-id=\"e6f81d8\" data-element_type=\"column\" data-e-type=\"column\">\n\t\t\t<div class=\"elementor-widget-wrap elementor-element-populated\">\n\t\t\t\t\t\t<div class=\"elementor-element elementor-element-fd5df5c elementor-widget elementor-widget-image\" data-id=\"fd5df5c\" data-element_type=\"widget\" data-e-type=\"widget\" data-widget_type=\"image.default\">\n\t\t\t\t<div class=\"elementor-widget-container\">\n\t\t\t\t\t\t\t\t\t\t\t\t\t\t\t<img decoding=\"async\" width=\"1400\" height=\"933\" src=\"https:\/\/www.dental-lab.fr\/wp-content\/uploads\/2023\/09\/ss-dental-laboratori.webp\" class=\"attachment-full size-full wp-image-12970\" alt=\"\" srcset=\"https:\/\/www.dental-lab.fr\/wp-content\/uploads\/2023\/09\/ss-dental-laboratori.webp 1400w, https:\/\/www.dental-lab.fr\/wp-content\/uploads\/2023\/09\/ss-dental-laboratori-300x200.webp 300w, https:\/\/www.dental-lab.fr\/wp-content\/uploads\/2023\/09\/ss-dental-laboratori-1024x682.webp 1024w\" sizes=\"(max-width: 1400px) 100vw, 1400px\" \/>\t\t\t\t\t\t\t\t\t\t\t\t\t\t\t<\/div>\n\t\t\t\t<\/div>\n\t\t\t\t<div class=\"elementor-element elementor-element-f7da1e3 elementor-widget elementor-widget-heading\" data-id=\"f7da1e3\" data-element_type=\"widget\" data-e-type=\"widget\" data-widget_type=\"heading.default\">\n\t\t\t\t<div class=\"elementor-widget-container\">\n\t\t\t\t\t<h5 class=\"elementor-heading-title elementor-size-default\">Le laboratoire<\/h5>\t\t\t\t<\/div>\n\t\t\t\t<\/div>\n\t\t\t\t<div class=\"elementor-element elementor-element-c21e31a elementor-widget elementor-widget-text-editor\" data-id=\"c21e31a\" data-element_type=\"widget\" data-e-type=\"widget\" data-widget_type=\"text-editor.default\">\n\t\t\t\t<div class=\"elementor-widget-container\">\n\t\t\t\t\t\t\t\t\t<p>Notre laboratoire dentaire se distingue par sa grande exp\u00e9rience et ses nouvelles techniques de production innovantes.<\/p>\n\t\t\t\t\t\t\t\t<\/div>\n\t\t\t\t<\/div>\n\t\t\t\t\t<\/div>\n\t\t<\/div>\n\t\t\t\t<div class=\"elementor-column elementor-col-33 elementor-inner-column elementor-element elementor-element-940cfae\" data-id=\"940cfae\" data-element_type=\"column\" data-e-type=\"column\">\n\t\t\t<div class=\"elementor-widget-wrap elementor-element-populated\">\n\t\t\t\t\t\t<div class=\"elementor-element elementor-element-bcdcb5e elementor-widget elementor-widget-image\" data-id=\"bcdcb5e\" data-element_type=\"widget\" data-e-type=\"widget\" data-widget_type=\"image.default\">\n\t\t\t\t<div class=\"elementor-widget-container\">\n\t\t\t\t\t\t\t\t\t\t\t\t\t\t\t<img decoding=\"async\" width=\"1400\" height=\"933\" src=\"https:\/\/www.dental-lab.fr\/wp-content\/uploads\/2023\/09\/dental-lab-1470323776.webp\" class=\"attachment-full size-full wp-image-12976\" alt=\"\" srcset=\"https:\/\/www.dental-lab.fr\/wp-content\/uploads\/2023\/09\/dental-lab-1470323776.webp 1400w, https:\/\/www.dental-lab.fr\/wp-content\/uploads\/2023\/09\/dental-lab-1470323776-300x200.webp 300w, https:\/\/www.dental-lab.fr\/wp-content\/uploads\/2023\/09\/dental-lab-1470323776-1024x682.webp 1024w\" sizes=\"(max-width: 1400px) 100vw, 1400px\" \/>\t\t\t\t\t\t\t\t\t\t\t\t\t\t\t<\/div>\n\t\t\t\t<\/div>\n\t\t\t\t<div class=\"elementor-element elementor-element-bcdf472 elementor-widget elementor-widget-heading\" data-id=\"bcdf472\" data-element_type=\"widget\" data-e-type=\"widget\" data-widget_type=\"heading.default\">\n\t\t\t\t<div class=\"elementor-widget-container\">\n\t\t\t\t\t<h5 class=\"elementor-heading-title elementor-size-default\">Technologie 3D<\/h5>\t\t\t\t<\/div>\n\t\t\t\t<\/div>\n\t\t\t\t<div class=\"elementor-element elementor-element-d08f4e7 elementor-widget elementor-widget-text-editor\" data-id=\"d08f4e7\" data-element_type=\"widget\" data-e-type=\"widget\" data-widget_type=\"text-editor.default\">\n\t\t\t\t<div class=\"elementor-widget-container\">\n\t\t\t\t\t\t\t\t\t<p>Notre syst\u00e8me de fabrication nous permet de  <br \/>\u00e9conomiser sur le produit final en offrant la meilleure qualit\u00e9.<\/p>\n\t\t\t\t\t\t\t\t<\/div>\n\t\t\t\t<\/div>\n\t\t\t\t\t<\/div>\n\t\t<\/div>\n\t\t\t\t<div class=\"elementor-column elementor-col-33 elementor-inner-column elementor-element elementor-element-63cec36\" data-id=\"63cec36\" data-element_type=\"column\" data-e-type=\"column\">\n\t\t\t<div class=\"elementor-widget-wrap elementor-element-populated\">\n\t\t\t\t\t\t<div class=\"elementor-element elementor-element-d932b47 elementor-widget elementor-widget-image\" data-id=\"d932b47\" data-element_type=\"widget\" data-e-type=\"widget\" data-widget_type=\"image.default\">\n\t\t\t\t<div class=\"elementor-widget-container\">\n\t\t\t\t\t\t\t\t\t\t\t\t\t\t\t<img loading=\"lazy\" decoding=\"async\" width=\"1400\" height=\"933\" src=\"https:\/\/www.dental-lab.fr\/wp-content\/uploads\/2023\/09\/dental-lab-1279305651.webp\" class=\"attachment-full size-full wp-image-12973\" alt=\"\" srcset=\"https:\/\/www.dental-lab.fr\/wp-content\/uploads\/2023\/09\/dental-lab-1279305651.webp 1400w, https:\/\/www.dental-lab.fr\/wp-content\/uploads\/2023\/09\/dental-lab-1279305651-300x200.webp 300w, https:\/\/www.dental-lab.fr\/wp-content\/uploads\/2023\/09\/dental-lab-1279305651-1024x682.webp 1024w\" sizes=\"(max-width: 1400px) 100vw, 1400px\" \/>\t\t\t\t\t\t\t\t\t\t\t\t\t\t\t<\/div>\n\t\t\t\t<\/div>\n\t\t\t\t<div class=\"elementor-element elementor-element-f21e00d elementor-widget elementor-widget-heading\" data-id=\"f21e00d\" data-element_type=\"widget\" data-e-type=\"widget\" data-widget_type=\"heading.default\">\n\t\t\t\t<div class=\"elementor-widget-container\">\n\t\t\t\t\t<h5 class=\"elementor-heading-title elementor-size-default\">Le souci du d\u00e9tail<\/h5>\t\t\t\t<\/div>\n\t\t\t\t<\/div>\n\t\t\t\t<div class=\"elementor-element elementor-element-e471b71 elementor-widget elementor-widget-text-editor\" data-id=\"e471b71\" data-element_type=\"widget\" data-e-type=\"widget\" data-widget_type=\"text-editor.default\">\n\t\t\t\t<div class=\"elementor-widget-container\">\n\t\t\t\t\t\t\t\t\t<p>L&rsquo;innovation et la technologie permettent de fournir un mat\u00e9riel personnalis\u00e9 de qualit\u00e9 sup\u00e9rieure qui s&rsquo;adapte parfaitement.<\/p>\n\t\t\t\t\t\t\t\t<\/div>\n\t\t\t\t<\/div>\n\t\t\t\t\t<\/div>\n\t\t<\/div>\n\t\t\t\t\t<\/div>\n\t\t<\/section>\n\t\t\t\t\t<\/div>\n\t\t<\/div>\n\t\t\t\t\t<\/div>\n\t\t<\/section>\n\t\t\t\t<\/div>\n\t\t","protected":false},"excerpt":{"rendered":"<p>Am\u00e9liorer les co\u00fbts des laboratoires gr\u00e2ce \u00e0 notre technologie R\u00e9duire les co\u00fbts de laboratoire jusqu&rsquo;\u00e0 50 %. Le laboratoire dentaire de choix pour des centaines de cliniques en Europe. Nous r\u00e9duisons les \u00e9tapes interm\u00e9diaires Avec plus de 30 ans d&rsquo;exp\u00e9rience dans le secteur dentaire, nous sommes fiers d&rsquo;offrir une attention personnalis\u00e9e aux besoins de nos [&hellip;]<\/p>\n","protected":false},"author":1,"featured_media":0,"parent":0,"menu_order":0,"comment_status":"closed","ping_status":"closed","template":"elementor_header_footer","meta":{"inline_featured_image":false,"footnotes":""},"class_list":["post-13185","page","type-page","status-publish","hentry"],"yoast_head":"<!-- This site is optimized with the Yoast SEO plugin v27.4 - https:\/\/yoast.com\/product\/yoast-seo-wordpress\/ -->\n<title>Laboratoire dentaire Espagne. Votre laboratoire dentaire<\/title>\n<meta name=\"description\" content=\"Notre laboratoire dentaire se distingue par sa grande exp\u00e9rience et ses nouvelles techniques de production innovantes.\" \/>\n<meta name=\"robots\" content=\"index, follow, max-snippet:-1, max-image-preview:large, max-video-preview:-1\" \/>\n<link rel=\"canonical\" href=\"https:\/\/www.dental-lab.fr\/fr\/\" \/>\n<meta name=\"twitter:label1\" content=\"Dur\u00e9e de lecture estim\u00e9e\" \/>\n\t<meta name=\"twitter:data1\" content=\"2 minutes\" \/>\n<script type=\"application\/ld+json\" class=\"yoast-schema-graph\">{\"@context\":\"https:\\\/\\\/schema.org\",\"@graph\":[{\"@type\":\"WebPage\",\"@id\":\"https:\\\/\\\/www.dental-lab.fr\\\/fr\\\/\",\"url\":\"https:\\\/\\\/www.dental-lab.fr\\\/fr\\\/\",\"name\":\"Laboratoire dentaire Espagne. Votre laboratoire dentaire\",\"isPartOf\":{\"@id\":\"https:\\\/\\\/www.dental-lab.fr\\\/fr\\\/#website\"},\"primaryImageOfPage\":{\"@id\":\"https:\\\/\\\/www.dental-lab.fr\\\/fr\\\/#primaryimage\"},\"image\":{\"@id\":\"https:\\\/\\\/www.dental-lab.fr\\\/fr\\\/#primaryimage\"},\"thumbnailUrl\":\"https:\\\/\\\/www.dental-lab.fr\\\/wp-content\\\/uploads\\\/2023\\\/09\\\/dental-lab-dents.png\",\"datePublished\":\"2022-12-27T16:19:52+00:00\",\"dateModified\":\"2023-10-13T16:59:00+00:00\",\"description\":\"Notre laboratoire dentaire se distingue par sa grande exp\u00e9rience et ses nouvelles techniques de production innovantes.\",\"inLanguage\":\"fr-FR\",\"potentialAction\":[{\"@type\":\"ReadAction\",\"target\":[\"https:\\\/\\\/www.dental-lab.fr\\\/fr\\\/\"]}]},{\"@type\":\"ImageObject\",\"inLanguage\":\"fr-FR\",\"@id\":\"https:\\\/\\\/www.dental-lab.fr\\\/fr\\\/#primaryimage\",\"url\":\"https:\\\/\\\/www.dental-lab.fr\\\/wp-content\\\/uploads\\\/2023\\\/09\\\/dental-lab-dents.png\",\"contentUrl\":\"https:\\\/\\\/www.dental-lab.fr\\\/wp-content\\\/uploads\\\/2023\\\/09\\\/dental-lab-dents.png\"},{\"@type\":\"WebSite\",\"@id\":\"https:\\\/\\\/www.dental-lab.fr\\\/fr\\\/#website\",\"url\":\"https:\\\/\\\/www.dental-lab.fr\\\/fr\\\/\",\"name\":\"Dental Lab\",\"description\":\"Laboratoire Dental\",\"publisher\":{\"@id\":\"https:\\\/\\\/www.dental-lab.fr\\\/fr\\\/#organization\"},\"potentialAction\":[{\"@type\":\"SearchAction\",\"target\":{\"@type\":\"EntryPoint\",\"urlTemplate\":\"https:\\\/\\\/www.dental-lab.fr\\\/fr\\\/?s={search_term_string}\"},\"query-input\":{\"@type\":\"PropertyValueSpecification\",\"valueRequired\":true,\"valueName\":\"search_term_string\"}}],\"inLanguage\":\"fr-FR\"},{\"@type\":\"Organization\",\"@id\":\"https:\\\/\\\/www.dental-lab.fr\\\/fr\\\/#organization\",\"name\":\"Dental Lab\",\"url\":\"https:\\\/\\\/www.dental-lab.fr\\\/fr\\\/\",\"logo\":{\"@type\":\"ImageObject\",\"inLanguage\":\"fr-FR\",\"@id\":\"https:\\\/\\\/www.dental-lab.fr\\\/fr\\\/#\\\/schema\\\/logo\\\/image\\\/\",\"url\":\"https:\\\/\\\/www.dental-lab.fr\\\/wp-content\\\/uploads\\\/2014\\\/07\\\/logolineas.jpg\",\"contentUrl\":\"https:\\\/\\\/www.dental-lab.fr\\\/wp-content\\\/uploads\\\/2014\\\/07\\\/logolineas.jpg\",\"width\":180,\"height\":100,\"caption\":\"Dental Lab\"},\"image\":{\"@id\":\"https:\\\/\\\/www.dental-lab.fr\\\/fr\\\/#\\\/schema\\\/logo\\\/image\\\/\"}}]}<\/script>\n<!-- \/ Yoast SEO plugin. -->","yoast_head_json":{"title":"Laboratoire dentaire Espagne. Votre laboratoire dentaire","description":"Notre laboratoire dentaire se distingue par sa grande exp\u00e9rience et ses nouvelles techniques de production innovantes.","robots":{"index":"index","follow":"follow","max-snippet":"max-snippet:-1","max-image-preview":"max-image-preview:large","max-video-preview":"max-video-preview:-1"},"canonical":"https:\/\/www.dental-lab.fr\/fr\/","twitter_misc":{"Dur\u00e9e de lecture estim\u00e9e":"2 minutes"},"schema":{"@context":"https:\/\/schema.org","@graph":[{"@type":"WebPage","@id":"https:\/\/www.dental-lab.fr\/fr\/","url":"https:\/\/www.dental-lab.fr\/fr\/","name":"Laboratoire dentaire Espagne. Votre laboratoire dentaire","isPartOf":{"@id":"https:\/\/www.dental-lab.fr\/fr\/#website"},"primaryImageOfPage":{"@id":"https:\/\/www.dental-lab.fr\/fr\/#primaryimage"},"image":{"@id":"https:\/\/www.dental-lab.fr\/fr\/#primaryimage"},"thumbnailUrl":"https:\/\/www.dental-lab.fr\/wp-content\/uploads\/2023\/09\/dental-lab-dents.png","datePublished":"2022-12-27T16:19:52+00:00","dateModified":"2023-10-13T16:59:00+00:00","description":"Notre laboratoire dentaire se distingue par sa grande exp\u00e9rience et ses nouvelles techniques de production innovantes.","inLanguage":"fr-FR","potentialAction":[{"@type":"ReadAction","target":["https:\/\/www.dental-lab.fr\/fr\/"]}]},{"@type":"ImageObject","inLanguage":"fr-FR","@id":"https:\/\/www.dental-lab.fr\/fr\/#primaryimage","url":"https:\/\/www.dental-lab.fr\/wp-content\/uploads\/2023\/09\/dental-lab-dents.png","contentUrl":"https:\/\/www.dental-lab.fr\/wp-content\/uploads\/2023\/09\/dental-lab-dents.png"},{"@type":"WebSite","@id":"https:\/\/www.dental-lab.fr\/fr\/#website","url":"https:\/\/www.dental-lab.fr\/fr\/","name":"Dental Lab","description":"Laboratoire Dental","publisher":{"@id":"https:\/\/www.dental-lab.fr\/fr\/#organization"},"potentialAction":[{"@type":"SearchAction","target":{"@type":"EntryPoint","urlTemplate":"https:\/\/www.dental-lab.fr\/fr\/?s={search_term_string}"},"query-input":{"@type":"PropertyValueSpecification","valueRequired":true,"valueName":"search_term_string"}}],"inLanguage":"fr-FR"},{"@type":"Organization","@id":"https:\/\/www.dental-lab.fr\/fr\/#organization","name":"Dental Lab","url":"https:\/\/www.dental-lab.fr\/fr\/","logo":{"@type":"ImageObject","inLanguage":"fr-FR","@id":"https:\/\/www.dental-lab.fr\/fr\/#\/schema\/logo\/image\/","url":"https:\/\/www.dental-lab.fr\/wp-content\/uploads\/2014\/07\/logolineas.jpg","contentUrl":"https:\/\/www.dental-lab.fr\/wp-content\/uploads\/2014\/07\/logolineas.jpg","width":180,"height":100,"caption":"Dental Lab"},"image":{"@id":"https:\/\/www.dental-lab.fr\/fr\/#\/schema\/logo\/image\/"}}]}},"_links":{"self":[{"href":"https:\/\/www.dental-lab.fr\/fr\/wp-json\/wp\/v2\/pages\/13185","targetHints":{"allow":["GET"]}}],"collection":[{"href":"https:\/\/www.dental-lab.fr\/fr\/wp-json\/wp\/v2\/pages"}],"about":[{"href":"https:\/\/www.dental-lab.fr\/fr\/wp-json\/wp\/v2\/types\/page"}],"author":[{"embeddable":true,"href":"https:\/\/www.dental-lab.fr\/fr\/wp-json\/wp\/v2\/users\/1"}],"replies":[{"embeddable":true,"href":"https:\/\/www.dental-lab.fr\/fr\/wp-json\/wp\/v2\/comments?post=13185"}],"version-history":[{"count":0,"href":"https:\/\/www.dental-lab.fr\/fr\/wp-json\/wp\/v2\/pages\/13185\/revisions"}],"wp:attachment":[{"href":"https:\/\/www.dental-lab.fr\/fr\/wp-json\/wp\/v2\/media?parent=13185"}],"curies":[{"name":"wp","href":"https:\/\/api.w.org\/{rel}","templated":true}]}}