{"id":13154,"date":"2022-12-28T08:10:49","date_gmt":"2022-12-28T07:10:49","guid":{"rendered":"https:\/\/www.dental-lab.fr\/odontoiatria-digitale\/"},"modified":"2023-10-13T18:59:04","modified_gmt":"2023-10-13T16:59:04","slug":"odontoiatria-digitale","status":"publish","type":"page","link":"https:\/\/www.dental-lab.fr\/it\/odontoiatria-digitale\/","title":{"rendered":"ODONTOIATRIA DIGITALE"},"content":{"rendered":"\t\t<div data-elementor-type=\"wp-page\" data-elementor-id=\"13154\" class=\"elementor elementor-13154 elementor-10754\" data-elementor-post-type=\"page\">\n\t\t\t\t\t\t<section class=\"elementor-section elementor-top-section elementor-element elementor-element-ca998f5 elementor-section-full_width elementor-section-stretched elementor-section-height-min-height elementor-section-height-default elementor-section-items-middle\" data-id=\"ca998f5\" data-element_type=\"section\" data-e-type=\"section\" data-settings=\"{&quot;stretch_section&quot;:&quot;section-stretched&quot;,&quot;background_background&quot;:&quot;classic&quot;}\">\n\t\t\t\t\t\t<div class=\"elementor-container elementor-column-gap-default\">\n\t\t\t\t\t<div class=\"elementor-column elementor-col-100 elementor-top-column elementor-element elementor-element-b4e8b3f\" data-id=\"b4e8b3f\" data-element_type=\"column\" data-e-type=\"column\" data-settings=\"{&quot;background_background&quot;:&quot;gradient&quot;}\">\n\t\t\t<div class=\"elementor-widget-wrap elementor-element-populated\">\n\t\t\t\t\t\t<div class=\"elementor-element elementor-element-4264647 elementor-widget elementor-widget-heading\" data-id=\"4264647\" data-element_type=\"widget\" data-e-type=\"widget\" data-widget_type=\"heading.default\">\n\t\t\t\t<div class=\"elementor-widget-container\">\n\t\t\t\t\t<h1 class=\"elementor-heading-title elementor-size-default\">ODONTOIATRIA DIGITALE<\/h1>\t\t\t\t<\/div>\n\t\t\t\t<\/div>\n\t\t\t\t\t<\/div>\n\t\t<\/div>\n\t\t\t\t\t<\/div>\n\t\t<\/section>\n\t\t\t\t<section class=\"elementor-section elementor-top-section elementor-element elementor-element-89f0ec3 elementor-section-full_width elementor-section-height-default elementor-section-height-default\" data-id=\"89f0ec3\" data-element_type=\"section\" data-e-type=\"section\" data-settings=\"{&quot;background_background&quot;:&quot;gradient&quot;}\">\n\t\t\t\t\t\t<div class=\"elementor-container elementor-column-gap-default\">\n\t\t\t\t\t<div class=\"elementor-column elementor-col-50 elementor-top-column elementor-element elementor-element-c279678\" data-id=\"c279678\" data-element_type=\"column\" data-e-type=\"column\" data-settings=\"{&quot;background_background&quot;:&quot;classic&quot;}\">\n\t\t\t<div class=\"elementor-widget-wrap\">\n\t\t\t\t\t\t\t<\/div>\n\t\t<\/div>\n\t\t\t\t<div class=\"elementor-column elementor-col-50 elementor-top-column elementor-element elementor-element-b2ec865\" data-id=\"b2ec865\" data-element_type=\"column\" data-e-type=\"column\" data-settings=\"{&quot;background_background&quot;:&quot;classic&quot;}\">\n\t\t\t<div class=\"elementor-widget-wrap elementor-element-populated\">\n\t\t\t\t\t\t<div class=\"elementor-element elementor-element-fd388e2 elementor-widget__width-initial elementor-widget elementor-widget-heading\" data-id=\"fd388e2\" data-element_type=\"widget\" data-e-type=\"widget\" data-widget_type=\"heading.default\">\n\t\t\t\t<div class=\"elementor-widget-container\">\n\t\t\t\t\t<h2 class=\"elementor-heading-title elementor-size-default\">Odontoiatria digitale con stampa 3D<\/h2>\t\t\t\t<\/div>\n\t\t\t\t<\/div>\n\t\t\t\t<div class=\"elementor-element elementor-element-ee18454 elementor-widget__width-initial elementor-widget elementor-widget-text-editor\" data-id=\"ee18454\" data-element_type=\"widget\" data-e-type=\"widget\" data-widget_type=\"text-editor.default\">\n\t\t\t\t<div class=\"elementor-widget-container\">\n\t\t\t\t\t\t\t\t\t<p>Al Dental-Lab il benessere e la sicurezza dei nostri pazienti sono la nostra priorit\u00e0. Grazie all&#8217;integrazione della tecnologia 3D nel nostro studio, siamo in grado di offrire soluzioni pi\u00f9 rapide e sicure.<\/p>\n<p>Le nuove tecnologie e i programmi informatici consentono di ottenere immagini tridimensionali della bocca e dell&#8217;apparato boccale con grande dettaglio. Attualmente siamo un laboratorio full service con scanner 3Shape, scanner per impronte digitali, stampanti 3D che stampano corone parziali.<\/p>\n<p>L&#8217;uso della tecnologia CAD\/CAM e della scansione orale riduce la paura, il dolore e l&#8217;infiammazione dei pazienti. Inoltre, minimizzano gli errori e riducono i tempi di intervento grazie allo studio e alla diagnosi preventiva tramite immagini tridimensionali, consentendo al laboratorio odontotecnico di fornire i pezzi dentali con precisione esatta.<\/p>\n<p>I nostri dentisti specializzati possono lavorare su queste immagini tridimensionali come se fossero nella bocca stessa, in modo da poter studiare, diagnosticare e pianificare il trattamento dentale da applicare comodamente (sia per loro che per il paziente).<\/p>\n\t\t\t\t\t\t\t\t<\/div>\n\t\t\t\t<\/div>\n\t\t\t\t\t<\/div>\n\t\t<\/div>\n\t\t\t\t\t<\/div>\n\t\t<\/section>\n\t\t\t\t<section class=\"elementor-section elementor-top-section elementor-element elementor-element-1ef44fd elementor-section-full_width elementor-section-height-default elementor-section-height-default\" data-id=\"1ef44fd\" data-element_type=\"section\" data-e-type=\"section\" data-settings=\"{&quot;background_background&quot;:&quot;classic&quot;}\">\n\t\t\t\t\t\t<div class=\"elementor-container elementor-column-gap-default\">\n\t\t\t\t\t<div class=\"elementor-column elementor-col-100 elementor-top-column elementor-element elementor-element-43c3984\" data-id=\"43c3984\" data-element_type=\"column\" data-e-type=\"column\">\n\t\t\t<div class=\"elementor-widget-wrap elementor-element-populated\">\n\t\t\t\t\t\t<div class=\"elementor-element elementor-element-0aa249d elementor-widget elementor-widget-heading\" data-id=\"0aa249d\" data-element_type=\"widget\" data-e-type=\"widget\" data-widget_type=\"heading.default\">\n\t\t\t\t<div class=\"elementor-widget-container\">\n\t\t\t\t\t<h2 class=\"elementor-heading-title elementor-size-default\">Tecnica stereomicroscopica<\/h2>\t\t\t\t<\/div>\n\t\t\t\t<\/div>\n\t\t\t\t<div class=\"elementor-element elementor-element-281256e elementor-widget elementor-widget-text-editor\" data-id=\"281256e\" data-element_type=\"widget\" data-e-type=\"widget\" data-widget_type=\"text-editor.default\">\n\t\t\t\t<div class=\"elementor-widget-container\">\n\t\t\t\t\t\t\t\t\t<p>I risultati ottenuti con la tecnica stereo-microscopica ci permettono di ridurre le fasi intermedie nella produzione della protesi. Grazie a questa tecnica, la visualizzazione dei margini sottogengivali e dell&#8217;intera periferia del moncone dentale \u00e8 precisa e accurata, ottenendo cos\u00ec un adattamento perfetto.<\/p>\n<p>Tutte le nostre protesi rimovibili sono sottoposte ai pi\u00f9 severi controlli dell&#8217;UE per soddisfare gli standard europei. Ecco perch\u00e9 i nostri prodotti sono coperti da una garanzia di due anni. Grazie alla stereomicroscopia lavoriamo in modo migliore, pi\u00f9 affidabile, pi\u00f9 veloce e pi\u00f9 economico, in quanto evitiamo passaggi intermedi che rendono pi\u00f9 costoso il prodotto finale. Inoltre, i prezzi dei nostri denti e delle nostre protesi in resina includono la consegna dei denti IVOCLAR (Liechtenstein), che sono di qualit\u00e0 eccellente.<\/p>\n<p>Chiedete maggiori informazioni senza impegno, vi consiglieremo gratuitamente sul nostro servizio.<\/p>\n\t\t\t\t\t\t\t\t<\/div>\n\t\t\t\t<\/div>\n\t\t\t\t\t<\/div>\n\t\t<\/div>\n\t\t\t\t\t<\/div>\n\t\t<\/section>\n\t\t\t\t<\/div>\n\t\t","protected":false},"excerpt":{"rendered":"<p>ODONTOIATRIA DIGITALE Odontoiatria digitale con stampa 3D Al Dental-Lab il benessere e la sicurezza dei nostri pazienti sono la nostra priorit\u00e0. Grazie all&#8217;integrazione della tecnologia 3D nel nostro studio, siamo in grado di offrire soluzioni pi\u00f9 rapide e sicure. Le nuove tecnologie e i programmi informatici consentono di ottenere immagini tridimensionali della bocca e dell&#8217;apparato [&hellip;]<\/p>\n","protected":false},"author":1,"featured_media":0,"parent":0,"menu_order":0,"comment_status":"closed","ping_status":"closed","template":"elementor_header_footer","meta":{"inline_featured_image":false,"footnotes":""},"class_list":["post-13154","page","type-page","status-publish","hentry"],"yoast_head":"<!-- This site is optimized with the Yoast SEO plugin v27.5 - https:\/\/yoast.com\/product\/yoast-seo-wordpress\/ -->\n<title>Odontoiatria digitale con stampa 3D<\/title>\n<meta name=\"description\" content=\"Grazie all&#039;integrazione della tecnologia 3D nel nostro studio, siamo in grado di offrire soluzioni pi\u00f9 rapide e sicure.\" \/>\n<meta name=\"robots\" content=\"index, follow, max-snippet:-1, max-image-preview:large, max-video-preview:-1\" \/>\n<link rel=\"canonical\" href=\"https:\/\/www.dental-lab.fr\/it\/odontoiatria-digitale\/\" \/>\n<meta name=\"twitter:label1\" content=\"Tempo di lettura stimato\" \/>\n\t<meta name=\"twitter:data1\" content=\"1 minuto\" \/>\n<script type=\"application\/ld+json\" class=\"yoast-schema-graph\">{\"@context\":\"https:\\\/\\\/schema.org\",\"@graph\":[{\"@type\":\"WebPage\",\"@id\":\"https:\\\/\\\/www.dental-lab.fr\\\/it\\\/odontoiatria-digitale\\\/\",\"url\":\"https:\\\/\\\/www.dental-lab.fr\\\/it\\\/odontoiatria-digitale\\\/\",\"name\":\"Odontoiatria digitale con stampa 3D\",\"isPartOf\":{\"@id\":\"https:\\\/\\\/www.dental-lab.fr\\\/it\\\/#website\"},\"datePublished\":\"2022-12-28T07:10:49+00:00\",\"dateModified\":\"2023-10-13T16:59:04+00:00\",\"description\":\"Grazie all'integrazione della tecnologia 3D nel nostro studio, siamo in grado di offrire soluzioni pi\u00f9 rapide e sicure.\",\"inLanguage\":\"it-IT\",\"potentialAction\":[{\"@type\":\"ReadAction\",\"target\":[\"https:\\\/\\\/www.dental-lab.fr\\\/it\\\/odontoiatria-digitale\\\/\"]}]},{\"@type\":\"WebSite\",\"@id\":\"https:\\\/\\\/www.dental-lab.fr\\\/it\\\/#website\",\"url\":\"https:\\\/\\\/www.dental-lab.fr\\\/it\\\/\",\"name\":\"Dental Lab\",\"description\":\"Laboratoire Dental\",\"publisher\":{\"@id\":\"https:\\\/\\\/www.dental-lab.fr\\\/it\\\/#organization\"},\"potentialAction\":[{\"@type\":\"SearchAction\",\"target\":{\"@type\":\"EntryPoint\",\"urlTemplate\":\"https:\\\/\\\/www.dental-lab.fr\\\/it\\\/?s={search_term_string}\"},\"query-input\":{\"@type\":\"PropertyValueSpecification\",\"valueRequired\":true,\"valueName\":\"search_term_string\"}}],\"inLanguage\":\"it-IT\"},{\"@type\":\"Organization\",\"@id\":\"https:\\\/\\\/www.dental-lab.fr\\\/it\\\/#organization\",\"name\":\"Dental Lab\",\"url\":\"https:\\\/\\\/www.dental-lab.fr\\\/it\\\/\",\"logo\":{\"@type\":\"ImageObject\",\"inLanguage\":\"it-IT\",\"@id\":\"https:\\\/\\\/www.dental-lab.fr\\\/it\\\/#\\\/schema\\\/logo\\\/image\\\/\",\"url\":\"https:\\\/\\\/www.dental-lab.fr\\\/wp-content\\\/uploads\\\/2014\\\/07\\\/logolineas.jpg\",\"contentUrl\":\"https:\\\/\\\/www.dental-lab.fr\\\/wp-content\\\/uploads\\\/2014\\\/07\\\/logolineas.jpg\",\"width\":180,\"height\":100,\"caption\":\"Dental Lab\"},\"image\":{\"@id\":\"https:\\\/\\\/www.dental-lab.fr\\\/it\\\/#\\\/schema\\\/logo\\\/image\\\/\"}}]}<\/script>\n<!-- \/ Yoast SEO plugin. -->","yoast_head_json":{"title":"Odontoiatria digitale con stampa 3D","description":"Grazie all'integrazione della tecnologia 3D nel nostro studio, siamo in grado di offrire soluzioni pi\u00f9 rapide e sicure.","robots":{"index":"index","follow":"follow","max-snippet":"max-snippet:-1","max-image-preview":"max-image-preview:large","max-video-preview":"max-video-preview:-1"},"canonical":"https:\/\/www.dental-lab.fr\/it\/odontoiatria-digitale\/","twitter_misc":{"Tempo di lettura stimato":"1 minuto"},"schema":{"@context":"https:\/\/schema.org","@graph":[{"@type":"WebPage","@id":"https:\/\/www.dental-lab.fr\/it\/odontoiatria-digitale\/","url":"https:\/\/www.dental-lab.fr\/it\/odontoiatria-digitale\/","name":"Odontoiatria digitale con stampa 3D","isPartOf":{"@id":"https:\/\/www.dental-lab.fr\/it\/#website"},"datePublished":"2022-12-28T07:10:49+00:00","dateModified":"2023-10-13T16:59:04+00:00","description":"Grazie all'integrazione della tecnologia 3D nel nostro studio, siamo in grado di offrire soluzioni pi\u00f9 rapide e sicure.","inLanguage":"it-IT","potentialAction":[{"@type":"ReadAction","target":["https:\/\/www.dental-lab.fr\/it\/odontoiatria-digitale\/"]}]},{"@type":"WebSite","@id":"https:\/\/www.dental-lab.fr\/it\/#website","url":"https:\/\/www.dental-lab.fr\/it\/","name":"Dental Lab","description":"Laboratoire Dental","publisher":{"@id":"https:\/\/www.dental-lab.fr\/it\/#organization"},"potentialAction":[{"@type":"SearchAction","target":{"@type":"EntryPoint","urlTemplate":"https:\/\/www.dental-lab.fr\/it\/?s={search_term_string}"},"query-input":{"@type":"PropertyValueSpecification","valueRequired":true,"valueName":"search_term_string"}}],"inLanguage":"it-IT"},{"@type":"Organization","@id":"https:\/\/www.dental-lab.fr\/it\/#organization","name":"Dental Lab","url":"https:\/\/www.dental-lab.fr\/it\/","logo":{"@type":"ImageObject","inLanguage":"it-IT","@id":"https:\/\/www.dental-lab.fr\/it\/#\/schema\/logo\/image\/","url":"https:\/\/www.dental-lab.fr\/wp-content\/uploads\/2014\/07\/logolineas.jpg","contentUrl":"https:\/\/www.dental-lab.fr\/wp-content\/uploads\/2014\/07\/logolineas.jpg","width":180,"height":100,"caption":"Dental Lab"},"image":{"@id":"https:\/\/www.dental-lab.fr\/it\/#\/schema\/logo\/image\/"}}]}},"_links":{"self":[{"href":"https:\/\/www.dental-lab.fr\/it\/wp-json\/wp\/v2\/pages\/13154","targetHints":{"allow":["GET"]}}],"collection":[{"href":"https:\/\/www.dental-lab.fr\/it\/wp-json\/wp\/v2\/pages"}],"about":[{"href":"https:\/\/www.dental-lab.fr\/it\/wp-json\/wp\/v2\/types\/page"}],"author":[{"embeddable":true,"href":"https:\/\/www.dental-lab.fr\/it\/wp-json\/wp\/v2\/users\/1"}],"replies":[{"embeddable":true,"href":"https:\/\/www.dental-lab.fr\/it\/wp-json\/wp\/v2\/comments?post=13154"}],"version-history":[{"count":0,"href":"https:\/\/www.dental-lab.fr\/it\/wp-json\/wp\/v2\/pages\/13154\/revisions"}],"wp:attachment":[{"href":"https:\/\/www.dental-lab.fr\/it\/wp-json\/wp\/v2\/media?parent=13154"}],"curies":[{"name":"wp","href":"https:\/\/api.w.org\/{rel}","templated":true}]}}