{"id":13136,"date":"2023-02-02T07:31:44","date_gmt":"2023-02-02T06:31:44","guid":{"rendered":"https:\/\/www.dental-lab.fr\/pedidos-de-laboratorio\/"},"modified":"2023-09-27T09:08:04","modified_gmt":"2023-09-27T07:08:04","slug":"pedidos-de-laboratorio","status":"publish","type":"page","link":"https:\/\/www.dental-lab.fr\/pt-pt\/pedidos-de-laboratorio\/","title":{"rendered":"Pedidos de laborat\u00f3rio"},"content":{"rendered":"<h1>Produ\u00e7\u00e3o de placas<\/h1>\n<p>No Dental-lab esvaziamos as suas impress\u00f5es aquando da sua rece\u00e7\u00e3o. Al\u00e9m disso, para lhe oferecer a maior satisfa\u00e7\u00e3o e para evitar qualquer risco de varia\u00e7\u00e3o dimensional do seu Alginato durante o transporte, sugerimos que esvazie o fundo das suas impress\u00f5es.<\/p>\n<p>Fa\u00e7a o esbo\u00e7o no seu modelo de gesso ou fa\u00e7a um desenho do quadro no mesmo formul\u00e1rio de encomenda.<\/p>\n<p><strong>Evitar a utiliza\u00e7\u00e3o de ceras f\u00e1ceis de rachar, como a MOYCO ou a pasta Kerr, que provavelmente chegar\u00e3o em mau estado.<\/strong><\/p>\n<h4>PASSOS PARA EFECTUAR UMA ENCOMENDA<\/h4>\n<h2>1<\/h2>\n<figure><img decoding=\"async\" width=\"512\" height=\"512\" src=\"https:\/\/www.dental-lab.fr\/wp-content\/uploads\/2023\/09\/1084299.png\" alt=\"\" loading=\"lazy\" \/><\/figure>\n<h3><strong>Descarregar <\/strong>o pedido de laborat\u00f3rio<\/h3>\n<p>\t\t\t<a href=\"https:\/\/www.dental-lab.fr\/wp-content\/uploads\/2014\/07\/orden_lab.pdf\">Descarregar ficheiro de encomenda<\/a>\t\t<\/p>\n<h2>2<\/h2>\n<figure><img decoding=\"async\" width=\"512\" height=\"512\" src=\"https:\/\/www.dental-lab.fr\/wp-content\/uploads\/2023\/09\/3569998.png\" alt=\"\" loading=\"lazy\" \/><\/figure>\n<h3>Depois de descarregar a encomenda, <strong>imprima-a<\/strong> e assinale as caixas que pretende.<\/h3>\n<p>\t\t\t\t\t\t\t\t\t\t\t\t\t\t\t<img decoding=\"async\" width=\"748\" height=\"151\" src=\"https:\/\/www.dental-lab.fr\/wp-content\/uploads\/2023\/02\/muestra.jpg\" alt=\"\" loading=\"lazy\" srcset=\"https:\/\/www.dental-lab.fr\/wp-content\/uploads\/2023\/02\/muestra.jpg 748w, https:\/\/www.dental-lab.fr\/wp-content\/uploads\/2023\/02\/muestra-300x61.jpg 300w\" sizes=\"auto, (max-width: 748px) 100vw, 748px\" \/>\t\t\t\t\t\t\t\t\t\t\t\t\t\t\t<\/p>\n<h2>3<\/h2>\n<figure><img decoding=\"async\" width=\"512\" height=\"512\" src=\"https:\/\/www.dental-lab.fr\/wp-content\/uploads\/2023\/09\/3063758.png\" alt=\"\" loading=\"lazy\" \/><\/figure>\n<h3><strong>Enviar a encomenda <\/strong>juntamente com o pacote <b>.<\/h3>\n","protected":false},"excerpt":{"rendered":"<p>Produ\u00e7\u00e3o de placas No Dental-lab esvaziamos as suas impress\u00f5es aquando da sua rece\u00e7\u00e3o. Al\u00e9m disso, para lhe oferecer a maior satisfa\u00e7\u00e3o e para evitar qualquer risco de varia\u00e7\u00e3o dimensional do seu Alginato durante o transporte, sugerimos que esvazie o fundo das suas impress\u00f5es. Fa\u00e7a o esbo\u00e7o no seu modelo de gesso ou fa\u00e7a um desenho [&hellip;]<\/p>\n","protected":false},"author":1,"featured_media":0,"parent":0,"menu_order":0,"comment_status":"closed","ping_status":"closed","template":"elementor_header_footer","meta":{"inline_featured_image":false,"footnotes":""},"class_list":["post-13136","page","type-page","status-publish","hentry"],"yoast_head":"<!-- This site is optimized with the Yoast SEO plugin v27.5 - https:\/\/yoast.com\/product\/yoast-seo-wordpress\/ -->\n<title>Passos para efetuar uma encomenda no Dental Lab<\/title>\n<meta name=\"description\" content=\"Fa\u00e7a o esbo\u00e7o no seu modelo de gesso ou fa\u00e7a um desenho do quadro no mesmo formul\u00e1rio de encomenda.\" \/>\n<meta name=\"robots\" content=\"index, follow, max-snippet:-1, max-image-preview:large, max-video-preview:-1\" \/>\n<link rel=\"canonical\" href=\"https:\/\/www.dental-lab.fr\/pt-pt\/pedidos-de-laboratorio\/\" \/>\n<meta name=\"twitter:label1\" content=\"Tempo estimado de leitura\" \/>\n\t<meta name=\"twitter:data1\" content=\"1 minuto\" \/>\n<script type=\"application\/ld+json\" class=\"yoast-schema-graph\">{\"@context\":\"https:\\\/\\\/schema.org\",\"@graph\":[{\"@type\":\"WebPage\",\"@id\":\"https:\\\/\\\/www.dental-lab.fr\\\/pt-pt\\\/pedidos-de-laboratorio\\\/\",\"url\":\"https:\\\/\\\/www.dental-lab.fr\\\/pt-pt\\\/pedidos-de-laboratorio\\\/\",\"name\":\"Passos para efetuar uma encomenda no Dental Lab\",\"isPartOf\":{\"@id\":\"https:\\\/\\\/www.dental-lab.fr\\\/pt-pt\\\/#website\"},\"primaryImageOfPage\":{\"@id\":\"https:\\\/\\\/www.dental-lab.fr\\\/pt-pt\\\/pedidos-de-laboratorio\\\/#primaryimage\"},\"image\":{\"@id\":\"https:\\\/\\\/www.dental-lab.fr\\\/pt-pt\\\/pedidos-de-laboratorio\\\/#primaryimage\"},\"thumbnailUrl\":\"https:\\\/\\\/www.dental-lab.fr\\\/wp-content\\\/uploads\\\/2023\\\/09\\\/1084299.png\",\"datePublished\":\"2023-02-02T06:31:44+00:00\",\"dateModified\":\"2023-09-27T07:08:04+00:00\",\"description\":\"Fa\u00e7a o esbo\u00e7o no seu modelo de gesso ou fa\u00e7a um desenho do quadro no mesmo formul\u00e1rio de encomenda.\",\"inLanguage\":\"pt-PT\",\"potentialAction\":[{\"@type\":\"ReadAction\",\"target\":[\"https:\\\/\\\/www.dental-lab.fr\\\/pt-pt\\\/pedidos-de-laboratorio\\\/\"]}]},{\"@type\":\"ImageObject\",\"inLanguage\":\"pt-PT\",\"@id\":\"https:\\\/\\\/www.dental-lab.fr\\\/pt-pt\\\/pedidos-de-laboratorio\\\/#primaryimage\",\"url\":\"https:\\\/\\\/www.dental-lab.fr\\\/wp-content\\\/uploads\\\/2023\\\/09\\\/1084299.png\",\"contentUrl\":\"https:\\\/\\\/www.dental-lab.fr\\\/wp-content\\\/uploads\\\/2023\\\/09\\\/1084299.png\"},{\"@type\":\"WebSite\",\"@id\":\"https:\\\/\\\/www.dental-lab.fr\\\/pt-pt\\\/#website\",\"url\":\"https:\\\/\\\/www.dental-lab.fr\\\/pt-pt\\\/\",\"name\":\"Dental Lab\",\"description\":\"Laboratoire Dental\",\"publisher\":{\"@id\":\"https:\\\/\\\/www.dental-lab.fr\\\/pt-pt\\\/#organization\"},\"potentialAction\":[{\"@type\":\"SearchAction\",\"target\":{\"@type\":\"EntryPoint\",\"urlTemplate\":\"https:\\\/\\\/www.dental-lab.fr\\\/pt-pt\\\/?s={search_term_string}\"},\"query-input\":{\"@type\":\"PropertyValueSpecification\",\"valueRequired\":true,\"valueName\":\"search_term_string\"}}],\"inLanguage\":\"pt-PT\"},{\"@type\":\"Organization\",\"@id\":\"https:\\\/\\\/www.dental-lab.fr\\\/pt-pt\\\/#organization\",\"name\":\"Dental Lab\",\"url\":\"https:\\\/\\\/www.dental-lab.fr\\\/pt-pt\\\/\",\"logo\":{\"@type\":\"ImageObject\",\"inLanguage\":\"pt-PT\",\"@id\":\"https:\\\/\\\/www.dental-lab.fr\\\/pt-pt\\\/#\\\/schema\\\/logo\\\/image\\\/\",\"url\":\"https:\\\/\\\/www.dental-lab.fr\\\/wp-content\\\/uploads\\\/2014\\\/07\\\/logolineas.jpg\",\"contentUrl\":\"https:\\\/\\\/www.dental-lab.fr\\\/wp-content\\\/uploads\\\/2014\\\/07\\\/logolineas.jpg\",\"width\":180,\"height\":100,\"caption\":\"Dental Lab\"},\"image\":{\"@id\":\"https:\\\/\\\/www.dental-lab.fr\\\/pt-pt\\\/#\\\/schema\\\/logo\\\/image\\\/\"}}]}<\/script>\n<!-- \/ Yoast SEO plugin. -->","yoast_head_json":{"title":"Passos para efetuar uma encomenda no Dental Lab","description":"Fa\u00e7a o esbo\u00e7o no seu modelo de gesso ou fa\u00e7a um desenho do quadro no mesmo formul\u00e1rio de encomenda.","robots":{"index":"index","follow":"follow","max-snippet":"max-snippet:-1","max-image-preview":"max-image-preview:large","max-video-preview":"max-video-preview:-1"},"canonical":"https:\/\/www.dental-lab.fr\/pt-pt\/pedidos-de-laboratorio\/","twitter_misc":{"Tempo estimado de leitura":"1 minuto"},"schema":{"@context":"https:\/\/schema.org","@graph":[{"@type":"WebPage","@id":"https:\/\/www.dental-lab.fr\/pt-pt\/pedidos-de-laboratorio\/","url":"https:\/\/www.dental-lab.fr\/pt-pt\/pedidos-de-laboratorio\/","name":"Passos para efetuar uma encomenda no Dental Lab","isPartOf":{"@id":"https:\/\/www.dental-lab.fr\/pt-pt\/#website"},"primaryImageOfPage":{"@id":"https:\/\/www.dental-lab.fr\/pt-pt\/pedidos-de-laboratorio\/#primaryimage"},"image":{"@id":"https:\/\/www.dental-lab.fr\/pt-pt\/pedidos-de-laboratorio\/#primaryimage"},"thumbnailUrl":"https:\/\/www.dental-lab.fr\/wp-content\/uploads\/2023\/09\/1084299.png","datePublished":"2023-02-02T06:31:44+00:00","dateModified":"2023-09-27T07:08:04+00:00","description":"Fa\u00e7a o esbo\u00e7o no seu modelo de gesso ou fa\u00e7a um desenho do quadro no mesmo formul\u00e1rio de encomenda.","inLanguage":"pt-PT","potentialAction":[{"@type":"ReadAction","target":["https:\/\/www.dental-lab.fr\/pt-pt\/pedidos-de-laboratorio\/"]}]},{"@type":"ImageObject","inLanguage":"pt-PT","@id":"https:\/\/www.dental-lab.fr\/pt-pt\/pedidos-de-laboratorio\/#primaryimage","url":"https:\/\/www.dental-lab.fr\/wp-content\/uploads\/2023\/09\/1084299.png","contentUrl":"https:\/\/www.dental-lab.fr\/wp-content\/uploads\/2023\/09\/1084299.png"},{"@type":"WebSite","@id":"https:\/\/www.dental-lab.fr\/pt-pt\/#website","url":"https:\/\/www.dental-lab.fr\/pt-pt\/","name":"Dental Lab","description":"Laboratoire Dental","publisher":{"@id":"https:\/\/www.dental-lab.fr\/pt-pt\/#organization"},"potentialAction":[{"@type":"SearchAction","target":{"@type":"EntryPoint","urlTemplate":"https:\/\/www.dental-lab.fr\/pt-pt\/?s={search_term_string}"},"query-input":{"@type":"PropertyValueSpecification","valueRequired":true,"valueName":"search_term_string"}}],"inLanguage":"pt-PT"},{"@type":"Organization","@id":"https:\/\/www.dental-lab.fr\/pt-pt\/#organization","name":"Dental Lab","url":"https:\/\/www.dental-lab.fr\/pt-pt\/","logo":{"@type":"ImageObject","inLanguage":"pt-PT","@id":"https:\/\/www.dental-lab.fr\/pt-pt\/#\/schema\/logo\/image\/","url":"https:\/\/www.dental-lab.fr\/wp-content\/uploads\/2014\/07\/logolineas.jpg","contentUrl":"https:\/\/www.dental-lab.fr\/wp-content\/uploads\/2014\/07\/logolineas.jpg","width":180,"height":100,"caption":"Dental Lab"},"image":{"@id":"https:\/\/www.dental-lab.fr\/pt-pt\/#\/schema\/logo\/image\/"}}]}},"_links":{"self":[{"href":"https:\/\/www.dental-lab.fr\/pt-pt\/wp-json\/wp\/v2\/pages\/13136","targetHints":{"allow":["GET"]}}],"collection":[{"href":"https:\/\/www.dental-lab.fr\/pt-pt\/wp-json\/wp\/v2\/pages"}],"about":[{"href":"https:\/\/www.dental-lab.fr\/pt-pt\/wp-json\/wp\/v2\/types\/page"}],"author":[{"embeddable":true,"href":"https:\/\/www.dental-lab.fr\/pt-pt\/wp-json\/wp\/v2\/users\/1"}],"replies":[{"embeddable":true,"href":"https:\/\/www.dental-lab.fr\/pt-pt\/wp-json\/wp\/v2\/comments?post=13136"}],"version-history":[{"count":0,"href":"https:\/\/www.dental-lab.fr\/pt-pt\/wp-json\/wp\/v2\/pages\/13136\/revisions"}],"wp:attachment":[{"href":"https:\/\/www.dental-lab.fr\/pt-pt\/wp-json\/wp\/v2\/media?parent=13136"}],"curies":[{"name":"wp","href":"https:\/\/api.w.org\/{rel}","templated":true}]}}