{"id":13149,"date":"2022-12-28T08:10:49","date_gmt":"2022-12-28T07:10:49","guid":{"rendered":"https:\/\/www.dental-lab.fr\/medicina-dentaria-digital\/"},"modified":"2023-10-13T18:59:03","modified_gmt":"2023-10-13T16:59:03","slug":"medicina-dentaria-digital","status":"publish","type":"page","link":"https:\/\/www.dental-lab.fr\/pt-pt\/medicina-dentaria-digital\/","title":{"rendered":"MEDICINA DENT\u00c1RIA DIGITAL"},"content":{"rendered":"<h1>MEDICINA DENT\u00c1RIA DIGITAL<\/h1>\n<h2>Medicina dent\u00e1ria digital com impress\u00e3o 3D<\/h2>\n<p>No Dental-Lab, o bem-estar e a seguran\u00e7a dos nossos pacientes s\u00e3o a nossa prioridade. Com a incorpora\u00e7\u00e3o da tecnologia 3D na nossa pr\u00e1tica, podemos oferecer solu\u00e7\u00f5es mais r\u00e1pidas e seguras.<\/p>\n<p>As novas tecnologias e os programas inform\u00e1ticos permitem obter imagens tridimensionais da boca e das pe\u00e7as bucais com grande pormenor. Atualmente, somos um laborat\u00f3rio de servi\u00e7o completo com scanners 3Shape, scanners de impress\u00e3o digital, impressoras 3D que imprimem coroas parciais.<\/p>\n<p>A utiliza\u00e7\u00e3o da tecnologia CAD\/CAM e a digitaliza\u00e7\u00e3o oral reduzem o medo, a dor e a inflama\u00e7\u00e3o dos pacientes. Tamb\u00e9m minimizam os erros e reduzem o tempo de interven\u00e7\u00e3o gra\u00e7as ao estudo e diagn\u00f3stico pr\u00e9vios atrav\u00e9s de imagens tridimensionais, permitindo ao laborat\u00f3rio dent\u00e1rio fornecer as pe\u00e7as dent\u00e1rias com precis\u00e3o exacta.<\/p>\n<p>Os nossos dentistas especialistas podem trabalhar com estas imagens tridimensionais como se estivessem na pr\u00f3pria boca, de modo a poderem estudar, diagnosticar e planear o tratamento dent\u00e1rio a aplicar confortavelmente (tanto para eles como para o paciente).<\/p>\n<h2>T\u00e9cnica est\u00e9reo-microsc\u00f3pica<\/h2>\n<p>Os resultados obtidos com a t\u00e9cnica est\u00e9reo-microsc\u00f3pica permitem-nos reduzir as etapas interm\u00e9dias na produ\u00e7\u00e3o da pr\u00f3tese. Gra\u00e7as a esta t\u00e9cnica, a visualiza\u00e7\u00e3o das margens subgengivais e de toda a periferia do coto dent\u00e1rio \u00e9 precisa e exacta, obtendo-se assim um ajuste perfeito.<\/p>\n<p>Todas as nossas pr\u00f3teses remov\u00edveis est\u00e3o sujeitas aos mais rigorosos controlos da UE para cumprir as normas europeias. \u00c9 por isso que os nossos produtos t\u00eam uma garantia de dois anos. Gra\u00e7as \u00e0 est\u00e9reo-microscopia, trabalhamos melhor, de forma mais fi\u00e1vel, mais r\u00e1pida e mais econ\u00f3mica, pois evitamos etapas interm\u00e9dias que encarecem o produto final. Al\u00e9m disso, os pre\u00e7os dos nossos dentes e pr\u00f3teses de resina incluem a entrega de dentes IVOCLAR (Liechtenstein), que s\u00e3o de excelente qualidade.<\/p>\n<p>Pe\u00e7a mais informa\u00e7\u00f5es sem compromisso, aconselh\u00e1-lo-emos gratuitamente sobre o nosso servi\u00e7o.<\/p>\n","protected":false},"excerpt":{"rendered":"<p>MEDICINA DENT\u00c1RIA DIGITAL Medicina dent\u00e1ria digital com impress\u00e3o 3D No Dental-Lab, o bem-estar e a seguran\u00e7a dos nossos pacientes s\u00e3o a nossa prioridade. Com a incorpora\u00e7\u00e3o da tecnologia 3D na nossa pr\u00e1tica, podemos oferecer solu\u00e7\u00f5es mais r\u00e1pidas e seguras. As novas tecnologias e os programas inform\u00e1ticos permitem obter imagens tridimensionais da boca e das pe\u00e7as [&hellip;]<\/p>\n","protected":false},"author":1,"featured_media":0,"parent":0,"menu_order":0,"comment_status":"closed","ping_status":"closed","template":"elementor_header_footer","meta":{"inline_featured_image":false,"footnotes":""},"class_list":["post-13149","page","type-page","status-publish","hentry"],"yoast_head":"<!-- This site is optimized with the Yoast SEO plugin v27.5 - https:\/\/yoast.com\/product\/yoast-seo-wordpress\/ -->\n<title>Medicina dent\u00e1ria digital com impress\u00e3o 3D<\/title>\n<meta name=\"description\" content=\"Com a incorpora\u00e7\u00e3o da tecnologia 3D na nossa pr\u00e1tica, podemos oferecer solu\u00e7\u00f5es mais r\u00e1pidas e seguras.\" \/>\n<meta name=\"robots\" content=\"index, follow, max-snippet:-1, max-image-preview:large, max-video-preview:-1\" \/>\n<link rel=\"canonical\" href=\"https:\/\/www.dental-lab.fr\/pt-pt\/medicina-dentaria-digital\/\" \/>\n<meta name=\"twitter:label1\" content=\"Tempo estimado de leitura\" \/>\n\t<meta name=\"twitter:data1\" content=\"2 minutos\" \/>\n<script type=\"application\/ld+json\" class=\"yoast-schema-graph\">{\"@context\":\"https:\\\/\\\/schema.org\",\"@graph\":[{\"@type\":\"WebPage\",\"@id\":\"https:\\\/\\\/www.dental-lab.fr\\\/pt-pt\\\/medicina-dentaria-digital\\\/\",\"url\":\"https:\\\/\\\/www.dental-lab.fr\\\/pt-pt\\\/medicina-dentaria-digital\\\/\",\"name\":\"Medicina dent\u00e1ria digital com impress\u00e3o 3D\",\"isPartOf\":{\"@id\":\"https:\\\/\\\/www.dental-lab.fr\\\/pt-pt\\\/#website\"},\"datePublished\":\"2022-12-28T07:10:49+00:00\",\"dateModified\":\"2023-10-13T16:59:03+00:00\",\"description\":\"Com a incorpora\u00e7\u00e3o da tecnologia 3D na nossa pr\u00e1tica, podemos oferecer solu\u00e7\u00f5es mais r\u00e1pidas e seguras.\",\"inLanguage\":\"pt-PT\",\"potentialAction\":[{\"@type\":\"ReadAction\",\"target\":[\"https:\\\/\\\/www.dental-lab.fr\\\/pt-pt\\\/medicina-dentaria-digital\\\/\"]}]},{\"@type\":\"WebSite\",\"@id\":\"https:\\\/\\\/www.dental-lab.fr\\\/pt-pt\\\/#website\",\"url\":\"https:\\\/\\\/www.dental-lab.fr\\\/pt-pt\\\/\",\"name\":\"Dental Lab\",\"description\":\"Laboratoire Dental\",\"publisher\":{\"@id\":\"https:\\\/\\\/www.dental-lab.fr\\\/pt-pt\\\/#organization\"},\"potentialAction\":[{\"@type\":\"SearchAction\",\"target\":{\"@type\":\"EntryPoint\",\"urlTemplate\":\"https:\\\/\\\/www.dental-lab.fr\\\/pt-pt\\\/?s={search_term_string}\"},\"query-input\":{\"@type\":\"PropertyValueSpecification\",\"valueRequired\":true,\"valueName\":\"search_term_string\"}}],\"inLanguage\":\"pt-PT\"},{\"@type\":\"Organization\",\"@id\":\"https:\\\/\\\/www.dental-lab.fr\\\/pt-pt\\\/#organization\",\"name\":\"Dental Lab\",\"url\":\"https:\\\/\\\/www.dental-lab.fr\\\/pt-pt\\\/\",\"logo\":{\"@type\":\"ImageObject\",\"inLanguage\":\"pt-PT\",\"@id\":\"https:\\\/\\\/www.dental-lab.fr\\\/pt-pt\\\/#\\\/schema\\\/logo\\\/image\\\/\",\"url\":\"https:\\\/\\\/www.dental-lab.fr\\\/wp-content\\\/uploads\\\/2014\\\/07\\\/logolineas.jpg\",\"contentUrl\":\"https:\\\/\\\/www.dental-lab.fr\\\/wp-content\\\/uploads\\\/2014\\\/07\\\/logolineas.jpg\",\"width\":180,\"height\":100,\"caption\":\"Dental Lab\"},\"image\":{\"@id\":\"https:\\\/\\\/www.dental-lab.fr\\\/pt-pt\\\/#\\\/schema\\\/logo\\\/image\\\/\"}}]}<\/script>\n<!-- \/ Yoast SEO plugin. -->","yoast_head_json":{"title":"Medicina dent\u00e1ria digital com impress\u00e3o 3D","description":"Com a incorpora\u00e7\u00e3o da tecnologia 3D na nossa pr\u00e1tica, podemos oferecer solu\u00e7\u00f5es mais r\u00e1pidas e seguras.","robots":{"index":"index","follow":"follow","max-snippet":"max-snippet:-1","max-image-preview":"max-image-preview:large","max-video-preview":"max-video-preview:-1"},"canonical":"https:\/\/www.dental-lab.fr\/pt-pt\/medicina-dentaria-digital\/","twitter_misc":{"Tempo estimado de leitura":"2 minutos"},"schema":{"@context":"https:\/\/schema.org","@graph":[{"@type":"WebPage","@id":"https:\/\/www.dental-lab.fr\/pt-pt\/medicina-dentaria-digital\/","url":"https:\/\/www.dental-lab.fr\/pt-pt\/medicina-dentaria-digital\/","name":"Medicina dent\u00e1ria digital com impress\u00e3o 3D","isPartOf":{"@id":"https:\/\/www.dental-lab.fr\/pt-pt\/#website"},"datePublished":"2022-12-28T07:10:49+00:00","dateModified":"2023-10-13T16:59:03+00:00","description":"Com a incorpora\u00e7\u00e3o da tecnologia 3D na nossa pr\u00e1tica, podemos oferecer solu\u00e7\u00f5es mais r\u00e1pidas e seguras.","inLanguage":"pt-PT","potentialAction":[{"@type":"ReadAction","target":["https:\/\/www.dental-lab.fr\/pt-pt\/medicina-dentaria-digital\/"]}]},{"@type":"WebSite","@id":"https:\/\/www.dental-lab.fr\/pt-pt\/#website","url":"https:\/\/www.dental-lab.fr\/pt-pt\/","name":"Dental Lab","description":"Laboratoire Dental","publisher":{"@id":"https:\/\/www.dental-lab.fr\/pt-pt\/#organization"},"potentialAction":[{"@type":"SearchAction","target":{"@type":"EntryPoint","urlTemplate":"https:\/\/www.dental-lab.fr\/pt-pt\/?s={search_term_string}"},"query-input":{"@type":"PropertyValueSpecification","valueRequired":true,"valueName":"search_term_string"}}],"inLanguage":"pt-PT"},{"@type":"Organization","@id":"https:\/\/www.dental-lab.fr\/pt-pt\/#organization","name":"Dental Lab","url":"https:\/\/www.dental-lab.fr\/pt-pt\/","logo":{"@type":"ImageObject","inLanguage":"pt-PT","@id":"https:\/\/www.dental-lab.fr\/pt-pt\/#\/schema\/logo\/image\/","url":"https:\/\/www.dental-lab.fr\/wp-content\/uploads\/2014\/07\/logolineas.jpg","contentUrl":"https:\/\/www.dental-lab.fr\/wp-content\/uploads\/2014\/07\/logolineas.jpg","width":180,"height":100,"caption":"Dental Lab"},"image":{"@id":"https:\/\/www.dental-lab.fr\/pt-pt\/#\/schema\/logo\/image\/"}}]}},"_links":{"self":[{"href":"https:\/\/www.dental-lab.fr\/pt-pt\/wp-json\/wp\/v2\/pages\/13149","targetHints":{"allow":["GET"]}}],"collection":[{"href":"https:\/\/www.dental-lab.fr\/pt-pt\/wp-json\/wp\/v2\/pages"}],"about":[{"href":"https:\/\/www.dental-lab.fr\/pt-pt\/wp-json\/wp\/v2\/types\/page"}],"author":[{"embeddable":true,"href":"https:\/\/www.dental-lab.fr\/pt-pt\/wp-json\/wp\/v2\/users\/1"}],"replies":[{"embeddable":true,"href":"https:\/\/www.dental-lab.fr\/pt-pt\/wp-json\/wp\/v2\/comments?post=13149"}],"version-history":[{"count":0,"href":"https:\/\/www.dental-lab.fr\/pt-pt\/wp-json\/wp\/v2\/pages\/13149\/revisions"}],"wp:attachment":[{"href":"https:\/\/www.dental-lab.fr\/pt-pt\/wp-json\/wp\/v2\/media?parent=13149"}],"curies":[{"name":"wp","href":"https:\/\/api.w.org\/{rel}","templated":true}]}}