{"id":13184,"date":"2022-12-27T17:19:52","date_gmt":"2022-12-27T16:19:52","guid":{"rendered":"https:\/\/www.dental-lab.fr\/inicio\/"},"modified":"2023-10-13T18:59:03","modified_gmt":"2023-10-13T16:59:03","slug":"inicio","status":"publish","type":"page","link":"https:\/\/www.dental-lab.fr\/pt-pt\/","title":{"rendered":"In\u00edcio"},"content":{"rendered":"\t\t<div data-elementor-type=\"wp-page\" data-elementor-id=\"13184\" class=\"elementor elementor-13184 elementor-10715\" data-elementor-post-type=\"page\">\n\t\t\t\t\t\t<section class=\"elementor-section elementor-top-section elementor-element elementor-element-8e2ec90 elementor-section-full_width elementor-section-height-full elementor-section-content-middle elementor-section-height-default elementor-section-items-middle\" data-id=\"8e2ec90\" data-element_type=\"section\" data-e-type=\"section\" data-settings=\"{&quot;background_background&quot;:&quot;video&quot;,&quot;background_video_link&quot;:&quot;https:\\\/\\\/vimeo.com\\\/865926250?share=copy&quot;}\">\n\t\t\t\t\t\t\t\t<div class=\"elementor-background-video-container elementor-hidden-mobile\">\n\t\t\t\t\t\t\t\t\t\t\t\t\t<div class=\"elementor-background-video-embed\" role=\"presentation\"><\/div>\n\t\t\t\t\t\t\t\t\t\t\t\t<\/div>\n\t\t\t\t\t\t\t\t\t<div class=\"elementor-background-overlay\"><\/div>\n\t\t\t\t\t\t\t<div class=\"elementor-container elementor-column-gap-default\">\n\t\t\t\t\t<div class=\"elementor-column elementor-col-100 elementor-top-column elementor-element elementor-element-27ba093\" data-id=\"27ba093\" data-element_type=\"column\" data-e-type=\"column\" data-settings=\"{&quot;background_background&quot;:&quot;classic&quot;}\">\n\t\t\t<div class=\"elementor-widget-wrap elementor-element-populated\">\n\t\t\t\t\t\t<div class=\"elementor-element elementor-element-b6aa9de elementor-widget__width-initial elementor-widget elementor-widget-heading\" data-id=\"b6aa9de\" data-element_type=\"widget\" data-e-type=\"widget\" data-widget_type=\"heading.default\">\n\t\t\t\t<div class=\"elementor-widget-container\">\n\t\t\t\t\t<h1 class=\"elementor-heading-title elementor-size-default\">Melhorar os custos do laborat\u00f3rio com a nossa tecnologia  <\/h1>\t\t\t\t<\/div>\n\t\t\t\t<\/div>\n\t\t\t\t<div class=\"elementor-element elementor-element-a94dba2 elementor-widget__width-initial elementor-widget elementor-widget-heading\" data-id=\"a94dba2\" data-element_type=\"widget\" data-e-type=\"widget\" data-widget_type=\"heading.default\">\n\t\t\t\t<div class=\"elementor-widget-container\">\n\t\t\t\t\t<h2 class=\"elementor-heading-title elementor-size-default\">Reduzir os custos laboratoriais at\u00e9 50%.<\/h2>\t\t\t\t<\/div>\n\t\t\t\t<\/div>\n\t\t\t\t\t<\/div>\n\t\t<\/div>\n\t\t\t\t\t<\/div>\n\t\t<\/section>\n\t\t\t\t<section class=\"elementor-section elementor-top-section elementor-element elementor-element-91b810d elementor-section-full_width elementor-section-height-default elementor-section-height-default\" data-id=\"91b810d\" data-element_type=\"section\" data-e-type=\"section\" data-settings=\"{&quot;background_background&quot;:&quot;gradient&quot;}\">\n\t\t\t\t\t\t<div class=\"elementor-container elementor-column-gap-default\">\n\t\t\t\t\t<div class=\"elementor-column elementor-col-100 elementor-top-column elementor-element elementor-element-6004337\" data-id=\"6004337\" data-element_type=\"column\" data-e-type=\"column\" data-settings=\"{&quot;background_background&quot;:&quot;classic&quot;}\">\n\t\t\t<div class=\"elementor-widget-wrap elementor-element-populated\">\n\t\t\t\t\t\t<div class=\"elementor-element elementor-element-5b5c2cc elementor-widget__width-initial elementor-widget elementor-widget-heading\" data-id=\"5b5c2cc\" data-element_type=\"widget\" data-e-type=\"widget\" data-widget_type=\"heading.default\">\n\t\t\t\t<div class=\"elementor-widget-container\">\n\t\t\t\t\t<h2 class=\"elementor-heading-title elementor-size-default\">O laborat\u00f3rio dent\u00e1rio de elei\u00e7\u00e3o de centenas de cl\u00ednicas na Europa.<\/h2>\t\t\t\t<\/div>\n\t\t\t\t<\/div>\n\t\t\t\t\t<\/div>\n\t\t<\/div>\n\t\t\t\t\t<\/div>\n\t\t<\/section>\n\t\t\t\t<section class=\"elementor-section elementor-top-section elementor-element elementor-element-636d773 elementor-section-full_width elementor-section-height-default elementor-section-height-default\" data-id=\"636d773\" data-element_type=\"section\" data-e-type=\"section\" data-settings=\"{&quot;background_background&quot;:&quot;gradient&quot;}\">\n\t\t\t\t\t\t<div class=\"elementor-container elementor-column-gap-default\">\n\t\t\t\t\t<div class=\"elementor-column elementor-col-50 elementor-top-column elementor-element elementor-element-35cccbf\" data-id=\"35cccbf\" data-element_type=\"column\" data-e-type=\"column\" data-settings=\"{&quot;background_background&quot;:&quot;classic&quot;}\">\n\t\t\t<div class=\"elementor-widget-wrap elementor-element-populated\">\n\t\t\t\t\t\t<div class=\"elementor-element elementor-element-558a1c1 e-transform elementor-widget elementor-widget-image\" data-id=\"558a1c1\" data-element_type=\"widget\" data-e-type=\"widget\" data-settings=\"{&quot;_transform_rotateZ_effect&quot;:{&quot;unit&quot;:&quot;px&quot;,&quot;size&quot;:13,&quot;sizes&quot;:[]},&quot;_transform_rotateZ_effect_tablet&quot;:{&quot;unit&quot;:&quot;deg&quot;,&quot;size&quot;:&quot;&quot;,&quot;sizes&quot;:[]},&quot;_transform_rotateZ_effect_mobile&quot;:{&quot;unit&quot;:&quot;deg&quot;,&quot;size&quot;:&quot;&quot;,&quot;sizes&quot;:[]}}\" data-widget_type=\"image.default\">\n\t\t\t\t<div class=\"elementor-widget-container\">\n\t\t\t\t\t\t\t\t\t\t\t\t\t\t\t<img fetchpriority=\"high\" decoding=\"async\" width=\"600\" height=\"760\" src=\"https:\/\/www.dental-lab.fr\/wp-content\/uploads\/2023\/09\/dental-lab-dents.png\" class=\"attachment-large size-large wp-image-13193\" alt=\"\" srcset=\"https:\/\/www.dental-lab.fr\/wp-content\/uploads\/2023\/09\/dental-lab-dents.png 600w, https:\/\/www.dental-lab.fr\/wp-content\/uploads\/2023\/09\/dental-lab-dents-237x300.png 237w\" sizes=\"(max-width: 600px) 100vw, 600px\" \/>\t\t\t\t\t\t\t\t\t\t\t\t\t\t\t<\/div>\n\t\t\t\t<\/div>\n\t\t\t\t\t<\/div>\n\t\t<\/div>\n\t\t\t\t<div class=\"elementor-column elementor-col-50 elementor-top-column elementor-element elementor-element-0d74b3c\" data-id=\"0d74b3c\" data-element_type=\"column\" data-e-type=\"column\" data-settings=\"{&quot;background_background&quot;:&quot;classic&quot;}\">\n\t\t\t<div class=\"elementor-widget-wrap elementor-element-populated\">\n\t\t\t\t\t\t<div class=\"elementor-element elementor-element-8d132b2 elementor-widget__width-initial elementor-widget elementor-widget-heading\" data-id=\"8d132b2\" data-element_type=\"widget\" data-e-type=\"widget\" data-widget_type=\"heading.default\">\n\t\t\t\t<div class=\"elementor-widget-container\">\n\t\t\t\t\t<h2 class=\"elementor-heading-title elementor-size-default\">Reduzimos as etapas interm\u00e9dias<\/h2>\t\t\t\t<\/div>\n\t\t\t\t<\/div>\n\t\t\t\t<div class=\"elementor-element elementor-element-a40fde1 elementor-widget__width-initial elementor-widget elementor-widget-text-editor\" data-id=\"a40fde1\" data-element_type=\"widget\" data-e-type=\"widget\" data-widget_type=\"text-editor.default\">\n\t\t\t\t<div class=\"elementor-widget-container\">\n\t\t\t\t\t\t\t\t\t<p>Com mais de 30 anos de experi\u00eancia no sector dent\u00e1rio, orgulhamo-nos de oferecer uma aten\u00e7\u00e3o personalizada \u00e0s necessidades dos nossos clientes. Empenhados em apoiar a excel\u00eancia em medicina dent\u00e1ria, o nosso objetivo no Dental Lab \u00e9 produzir produtos e restaura\u00e7\u00f5es dent\u00e1rias de alta qualidade. Somos especializados em implantologia e em medicina dent\u00e1ria est\u00e9tica. O nosso aconselhamento t\u00e9cnico l\u00edder no sector e a nossa oferta de produtos de servi\u00e7o completo proporcionam solu\u00e7\u00f5es de tratamento completas. O Dental Lab oferece-lhe um servi\u00e7o completo, gra\u00e7as aos \u00faltimos avan\u00e7os tecnol\u00f3gicos, que melhoram os resultados obtidos.<\/p>\n\t\t\t\t\t\t\t\t<\/div>\n\t\t\t\t<\/div>\n\t\t\t\t\t<\/div>\n\t\t<\/div>\n\t\t\t\t\t<\/div>\n\t\t<\/section>\n\t\t\t\t<section class=\"elementor-section elementor-top-section elementor-element elementor-element-3ccd6b1 elementor-section-full_width elementor-section-content-middle elementor-section-height-default elementor-section-height-default\" data-id=\"3ccd6b1\" data-element_type=\"section\" data-e-type=\"section\" data-settings=\"{&quot;background_background&quot;:&quot;classic&quot;}\">\n\t\t\t\t\t\t<div class=\"elementor-container elementor-column-gap-default\">\n\t\t\t\t\t<div class=\"elementor-column elementor-col-100 elementor-top-column elementor-element elementor-element-172dd2d\" data-id=\"172dd2d\" data-element_type=\"column\" data-e-type=\"column\">\n\t\t\t<div class=\"elementor-widget-wrap elementor-element-populated\">\n\t\t\t\t\t\t<div class=\"elementor-element elementor-element-1fbff67 elementor-widget elementor-widget-text-editor\" data-id=\"1fbff67\" data-element_type=\"widget\" data-e-type=\"widget\" data-widget_type=\"text-editor.default\">\n\t\t\t\t<div class=\"elementor-widget-container\">\n\t\t\t\t\t\t\t\t\t<p>A impress\u00e3o digital e o fabrico assistido por computador (CAM) tornaram-se uma alternativa popular aos fluxos de trabalho convencionais para o fabrico de pr\u00f3teses dent\u00e1rias. A precis\u00e3o da pr\u00f3tese final \u00e9 essencial em qualquer trabalho, e esta precis\u00e3o depende de cada fase do fluxo de trabalho. Com os sistemas convencionais, existem v\u00e1rias etapas em que podem ser cometidos erros, como durante a moldagem, a utiliza\u00e7\u00e3o de verniz espa\u00e7ador, os m\u00e9todos de fabrico das restaura\u00e7\u00f5es e os materiais utilizados. No entanto, com os sistemas digitais, a precis\u00e3o depende da tecnologia \u00f3tica utilizada e da precis\u00e3o das tecnologias de fabrico de restaura\u00e7\u00f5es.&nbsp;  Nos \u00faltimos anos, estes sistemas contribu\u00edram para<strong>  reduzir e simplificar as etapas interm\u00e9dias<\/strong>  e torn\u00e1-los mais repet\u00edveis e menos propensos a erros do operador. Foi assim que conseguimos melhorar a efici\u00eancia em benef\u00edcio dos dentistas e dos seus pacientes.&nbsp;<\/p>\n\t\t\t\t\t\t\t\t<\/div>\n\t\t\t\t<\/div>\n\t\t\t\t\t<\/div>\n\t\t<\/div>\n\t\t\t\t\t<\/div>\n\t\t<\/section>\n\t\t\t\t<section class=\"elementor-section elementor-top-section elementor-element elementor-element-a91e068 elementor-section-full_width elementor-section-height-default elementor-section-height-default\" data-id=\"a91e068\" data-element_type=\"section\" data-e-type=\"section\" data-settings=\"{&quot;background_background&quot;:&quot;classic&quot;}\">\n\t\t\t\t\t\t<div class=\"elementor-container elementor-column-gap-default\">\n\t\t\t\t\t<div class=\"elementor-column elementor-col-100 elementor-top-column elementor-element elementor-element-bd39968\" data-id=\"bd39968\" data-element_type=\"column\" data-e-type=\"column\" data-settings=\"{&quot;background_background&quot;:&quot;classic&quot;}\">\n\t\t\t<div class=\"elementor-widget-wrap elementor-element-populated\">\n\t\t\t\t\t<div class=\"elementor-background-overlay\"><\/div>\n\t\t\t\t\t\t<div class=\"elementor-element elementor-element-00e46e9 elementor-widget__width-initial elementor-widget elementor-widget-heading\" data-id=\"00e46e9\" data-element_type=\"widget\" data-e-type=\"widget\" data-widget_type=\"heading.default\">\n\t\t\t\t<div class=\"elementor-widget-container\">\n\t\t\t\t\t<h3 class=\"elementor-heading-title elementor-size-default\">Tornamos o processo f\u00e1cil e a pr\u00f3tese perfeita.\n<\/h3>\t\t\t\t<\/div>\n\t\t\t\t<\/div>\n\t\t\t\t<section class=\"elementor-section elementor-inner-section elementor-element elementor-element-f985f16 elementor-section-full_width elementor-section-height-default elementor-section-height-default\" data-id=\"f985f16\" data-element_type=\"section\" data-e-type=\"section\">\n\t\t\t\t\t\t<div class=\"elementor-container elementor-column-gap-default\">\n\t\t\t\t\t<div class=\"elementor-column elementor-col-33 elementor-inner-column elementor-element elementor-element-e6f81d8\" data-id=\"e6f81d8\" data-element_type=\"column\" data-e-type=\"column\">\n\t\t\t<div class=\"elementor-widget-wrap elementor-element-populated\">\n\t\t\t\t\t\t<div class=\"elementor-element elementor-element-fd5df5c elementor-widget elementor-widget-image\" data-id=\"fd5df5c\" data-element_type=\"widget\" data-e-type=\"widget\" data-widget_type=\"image.default\">\n\t\t\t\t<div class=\"elementor-widget-container\">\n\t\t\t\t\t\t\t\t\t\t\t\t\t\t\t<img decoding=\"async\" width=\"1400\" height=\"933\" src=\"https:\/\/www.dental-lab.fr\/wp-content\/uploads\/2023\/09\/ss-dental-laboratori.webp\" class=\"attachment-full size-full wp-image-11108\" alt=\"\" srcset=\"https:\/\/www.dental-lab.fr\/wp-content\/uploads\/2023\/09\/ss-dental-laboratori.webp 1400w, https:\/\/www.dental-lab.fr\/wp-content\/uploads\/2023\/09\/ss-dental-laboratori-300x200.webp 300w, https:\/\/www.dental-lab.fr\/wp-content\/uploads\/2023\/09\/ss-dental-laboratori-1024x682.webp 1024w\" sizes=\"(max-width: 1400px) 100vw, 1400px\" \/>\t\t\t\t\t\t\t\t\t\t\t\t\t\t\t<\/div>\n\t\t\t\t<\/div>\n\t\t\t\t<div class=\"elementor-element elementor-element-f7da1e3 elementor-widget elementor-widget-heading\" data-id=\"f7da1e3\" data-element_type=\"widget\" data-e-type=\"widget\" data-widget_type=\"heading.default\">\n\t\t\t\t<div class=\"elementor-widget-container\">\n\t\t\t\t\t<h5 class=\"elementor-heading-title elementor-size-default\">O laborat\u00f3rio<\/h5>\t\t\t\t<\/div>\n\t\t\t\t<\/div>\n\t\t\t\t<div class=\"elementor-element elementor-element-c21e31a elementor-widget elementor-widget-text-editor\" data-id=\"c21e31a\" data-element_type=\"widget\" data-e-type=\"widget\" data-widget_type=\"text-editor.default\">\n\t\t\t\t<div class=\"elementor-widget-container\">\n\t\t\t\t\t\t\t\t\t<p>A vasta experi\u00eancia e as novas t\u00e9cnicas de produ\u00e7\u00e3o inovadoras do nosso laborat\u00f3rio dent\u00e1rio distinguem-nos.<\/p>\n\t\t\t\t\t\t\t\t<\/div>\n\t\t\t\t<\/div>\n\t\t\t\t\t<\/div>\n\t\t<\/div>\n\t\t\t\t<div class=\"elementor-column elementor-col-33 elementor-inner-column elementor-element elementor-element-940cfae\" data-id=\"940cfae\" data-element_type=\"column\" data-e-type=\"column\">\n\t\t\t<div class=\"elementor-widget-wrap elementor-element-populated\">\n\t\t\t\t\t\t<div class=\"elementor-element elementor-element-bcdcb5e elementor-widget elementor-widget-image\" data-id=\"bcdcb5e\" data-element_type=\"widget\" data-e-type=\"widget\" data-widget_type=\"image.default\">\n\t\t\t\t<div class=\"elementor-widget-container\">\n\t\t\t\t\t\t\t\t\t\t\t\t\t\t\t<img decoding=\"async\" width=\"1400\" height=\"933\" src=\"https:\/\/www.dental-lab.fr\/wp-content\/uploads\/2023\/09\/dental-lab-1470323776.webp\" class=\"attachment-full size-full wp-image-11110\" alt=\"\" srcset=\"https:\/\/www.dental-lab.fr\/wp-content\/uploads\/2023\/09\/dental-lab-1470323776.webp 1400w, https:\/\/www.dental-lab.fr\/wp-content\/uploads\/2023\/09\/dental-lab-1470323776-300x200.webp 300w, https:\/\/www.dental-lab.fr\/wp-content\/uploads\/2023\/09\/dental-lab-1470323776-1024x682.webp 1024w\" sizes=\"(max-width: 1400px) 100vw, 1400px\" \/>\t\t\t\t\t\t\t\t\t\t\t\t\t\t\t<\/div>\n\t\t\t\t<\/div>\n\t\t\t\t<div class=\"elementor-element elementor-element-bcdf472 elementor-widget elementor-widget-heading\" data-id=\"bcdf472\" data-element_type=\"widget\" data-e-type=\"widget\" data-widget_type=\"heading.default\">\n\t\t\t\t<div class=\"elementor-widget-container\">\n\t\t\t\t\t<h5 class=\"elementor-heading-title elementor-size-default\">Tecnologia 3D<\/h5>\t\t\t\t<\/div>\n\t\t\t\t<\/div>\n\t\t\t\t<div class=\"elementor-element elementor-element-d08f4e7 elementor-widget elementor-widget-text-editor\" data-id=\"d08f4e7\" data-element_type=\"widget\" data-e-type=\"widget\" data-widget_type=\"text-editor.default\">\n\t\t\t\t<div class=\"elementor-widget-container\">\n\t\t\t\t\t\t\t\t\t<p>O nosso sistema de fabrico permite-nos  <br \/>economizar no produto final, oferecendo a melhor qualidade.<\/p>\n\t\t\t\t\t\t\t\t<\/div>\n\t\t\t\t<\/div>\n\t\t\t\t\t<\/div>\n\t\t<\/div>\n\t\t\t\t<div class=\"elementor-column elementor-col-33 elementor-inner-column elementor-element elementor-element-63cec36\" data-id=\"63cec36\" data-element_type=\"column\" data-e-type=\"column\">\n\t\t\t<div class=\"elementor-widget-wrap elementor-element-populated\">\n\t\t\t\t\t\t<div class=\"elementor-element elementor-element-d932b47 elementor-widget elementor-widget-image\" data-id=\"d932b47\" data-element_type=\"widget\" data-e-type=\"widget\" data-widget_type=\"image.default\">\n\t\t\t\t<div class=\"elementor-widget-container\">\n\t\t\t\t\t\t\t\t\t\t\t\t\t\t\t<img loading=\"lazy\" decoding=\"async\" width=\"1400\" height=\"933\" src=\"https:\/\/www.dental-lab.fr\/wp-content\/uploads\/2023\/09\/dental-lab-1279305651.webp\" class=\"attachment-full size-full wp-image-11109\" alt=\"\" srcset=\"https:\/\/www.dental-lab.fr\/wp-content\/uploads\/2023\/09\/dental-lab-1279305651.webp 1400w, https:\/\/www.dental-lab.fr\/wp-content\/uploads\/2023\/09\/dental-lab-1279305651-300x200.webp 300w, https:\/\/www.dental-lab.fr\/wp-content\/uploads\/2023\/09\/dental-lab-1279305651-1024x682.webp 1024w\" sizes=\"(max-width: 1400px) 100vw, 1400px\" \/>\t\t\t\t\t\t\t\t\t\t\t\t\t\t\t<\/div>\n\t\t\t\t<\/div>\n\t\t\t\t<div class=\"elementor-element elementor-element-f21e00d elementor-widget elementor-widget-heading\" data-id=\"f21e00d\" data-element_type=\"widget\" data-e-type=\"widget\" data-widget_type=\"heading.default\">\n\t\t\t\t<div class=\"elementor-widget-container\">\n\t\t\t\t\t<h5 class=\"elementor-heading-title elementor-size-default\">Aten\u00e7\u00e3o aos pormenores<\/h5>\t\t\t\t<\/div>\n\t\t\t\t<\/div>\n\t\t\t\t<div class=\"elementor-element elementor-element-e471b71 elementor-widget elementor-widget-text-editor\" data-id=\"e471b71\" data-element_type=\"widget\" data-e-type=\"widget\" data-widget_type=\"text-editor.default\">\n\t\t\t\t<div class=\"elementor-widget-container\">\n\t\t\t\t\t\t\t\t\t<p>Inova\u00e7\u00e3o e tecnologia para fornecer material personalizado de alta qualidade que se adapta perfeitamente.<\/p>\n\t\t\t\t\t\t\t\t<\/div>\n\t\t\t\t<\/div>\n\t\t\t\t\t<\/div>\n\t\t<\/div>\n\t\t\t\t\t<\/div>\n\t\t<\/section>\n\t\t\t\t\t<\/div>\n\t\t<\/div>\n\t\t\t\t\t<\/div>\n\t\t<\/section>\n\t\t\t\t<\/div>\n\t\t","protected":false},"excerpt":{"rendered":"<p>Melhorar os custos do laborat\u00f3rio com a nossa tecnologia Reduzir os custos laboratoriais at\u00e9 50%. O laborat\u00f3rio dent\u00e1rio de elei\u00e7\u00e3o de centenas de cl\u00ednicas na Europa. Reduzimos as etapas interm\u00e9dias Com mais de 30 anos de experi\u00eancia no sector dent\u00e1rio, orgulhamo-nos de oferecer uma aten\u00e7\u00e3o personalizada \u00e0s necessidades dos nossos clientes. Empenhados em apoiar a [&hellip;]<\/p>\n","protected":false},"author":1,"featured_media":0,"parent":0,"menu_order":0,"comment_status":"closed","ping_status":"closed","template":"elementor_header_footer","meta":{"inline_featured_image":false,"footnotes":""},"class_list":["post-13184","page","type-page","status-publish","hentry"],"yoast_head":"<!-- This site is optimized with the Yoast SEO plugin v27.6 - https:\/\/yoast.com\/product\/yoast-seo-wordpress\/ -->\n<title>Laborat\u00f3rio dent\u00e1rio Espanha. O seu laborat\u00f3rio dent\u00e1rio<\/title>\n<meta name=\"description\" content=\"A vasta experi\u00eancia e as novas t\u00e9cnicas de produ\u00e7\u00e3o inovadoras do nosso laborat\u00f3rio dent\u00e1rio distinguem-nos.\" \/>\n<meta name=\"robots\" content=\"index, follow, max-snippet:-1, max-image-preview:large, max-video-preview:-1\" \/>\n<link rel=\"canonical\" href=\"https:\/\/www.dental-lab.fr\/pt-pt\/\" \/>\n<meta name=\"twitter:label1\" content=\"Tempo estimado de leitura\" \/>\n\t<meta name=\"twitter:data1\" content=\"2 minutos\" \/>\n<script type=\"application\/ld+json\" class=\"yoast-schema-graph\">{\"@context\":\"https:\\\/\\\/schema.org\",\"@graph\":[{\"@type\":\"WebPage\",\"@id\":\"https:\\\/\\\/www.dental-lab.fr\\\/pt-pt\\\/\",\"url\":\"https:\\\/\\\/www.dental-lab.fr\\\/pt-pt\\\/\",\"name\":\"Laborat\u00f3rio dent\u00e1rio Espanha. O seu laborat\u00f3rio dent\u00e1rio\",\"isPartOf\":{\"@id\":\"https:\\\/\\\/www.dental-lab.fr\\\/pt-pt\\\/#website\"},\"primaryImageOfPage\":{\"@id\":\"https:\\\/\\\/www.dental-lab.fr\\\/pt-pt\\\/#primaryimage\"},\"image\":{\"@id\":\"https:\\\/\\\/www.dental-lab.fr\\\/pt-pt\\\/#primaryimage\"},\"thumbnailUrl\":\"https:\\\/\\\/www.dental-lab.fr\\\/wp-content\\\/uploads\\\/2023\\\/09\\\/dental-lab-dents.png\",\"datePublished\":\"2022-12-27T16:19:52+00:00\",\"dateModified\":\"2023-10-13T16:59:03+00:00\",\"description\":\"A vasta experi\u00eancia e as novas t\u00e9cnicas de produ\u00e7\u00e3o inovadoras do nosso laborat\u00f3rio dent\u00e1rio distinguem-nos.\",\"inLanguage\":\"pt-PT\",\"potentialAction\":[{\"@type\":\"ReadAction\",\"target\":[\"https:\\\/\\\/www.dental-lab.fr\\\/pt-pt\\\/\"]}]},{\"@type\":\"ImageObject\",\"inLanguage\":\"pt-PT\",\"@id\":\"https:\\\/\\\/www.dental-lab.fr\\\/pt-pt\\\/#primaryimage\",\"url\":\"https:\\\/\\\/www.dental-lab.fr\\\/wp-content\\\/uploads\\\/2023\\\/09\\\/dental-lab-dents.png\",\"contentUrl\":\"https:\\\/\\\/www.dental-lab.fr\\\/wp-content\\\/uploads\\\/2023\\\/09\\\/dental-lab-dents.png\"},{\"@type\":\"WebSite\",\"@id\":\"https:\\\/\\\/www.dental-lab.fr\\\/pt-pt\\\/#website\",\"url\":\"https:\\\/\\\/www.dental-lab.fr\\\/pt-pt\\\/\",\"name\":\"Dental Lab\",\"description\":\"Laboratoire Dental\",\"publisher\":{\"@id\":\"https:\\\/\\\/www.dental-lab.fr\\\/pt-pt\\\/#organization\"},\"potentialAction\":[{\"@type\":\"SearchAction\",\"target\":{\"@type\":\"EntryPoint\",\"urlTemplate\":\"https:\\\/\\\/www.dental-lab.fr\\\/pt-pt\\\/?s={search_term_string}\"},\"query-input\":{\"@type\":\"PropertyValueSpecification\",\"valueRequired\":true,\"valueName\":\"search_term_string\"}}],\"inLanguage\":\"pt-PT\"},{\"@type\":\"Organization\",\"@id\":\"https:\\\/\\\/www.dental-lab.fr\\\/pt-pt\\\/#organization\",\"name\":\"Dental Lab\",\"url\":\"https:\\\/\\\/www.dental-lab.fr\\\/pt-pt\\\/\",\"logo\":{\"@type\":\"ImageObject\",\"inLanguage\":\"pt-PT\",\"@id\":\"https:\\\/\\\/www.dental-lab.fr\\\/pt-pt\\\/#\\\/schema\\\/logo\\\/image\\\/\",\"url\":\"https:\\\/\\\/www.dental-lab.fr\\\/wp-content\\\/uploads\\\/2014\\\/07\\\/logolineas.jpg\",\"contentUrl\":\"https:\\\/\\\/www.dental-lab.fr\\\/wp-content\\\/uploads\\\/2014\\\/07\\\/logolineas.jpg\",\"width\":180,\"height\":100,\"caption\":\"Dental Lab\"},\"image\":{\"@id\":\"https:\\\/\\\/www.dental-lab.fr\\\/pt-pt\\\/#\\\/schema\\\/logo\\\/image\\\/\"}}]}<\/script>\n<!-- \/ Yoast SEO plugin. -->","yoast_head_json":{"title":"Laborat\u00f3rio dent\u00e1rio Espanha. O seu laborat\u00f3rio dent\u00e1rio","description":"A vasta experi\u00eancia e as novas t\u00e9cnicas de produ\u00e7\u00e3o inovadoras do nosso laborat\u00f3rio dent\u00e1rio distinguem-nos.","robots":{"index":"index","follow":"follow","max-snippet":"max-snippet:-1","max-image-preview":"max-image-preview:large","max-video-preview":"max-video-preview:-1"},"canonical":"https:\/\/www.dental-lab.fr\/pt-pt\/","twitter_misc":{"Tempo estimado de leitura":"2 minutos"},"schema":{"@context":"https:\/\/schema.org","@graph":[{"@type":"WebPage","@id":"https:\/\/www.dental-lab.fr\/pt-pt\/","url":"https:\/\/www.dental-lab.fr\/pt-pt\/","name":"Laborat\u00f3rio dent\u00e1rio Espanha. O seu laborat\u00f3rio dent\u00e1rio","isPartOf":{"@id":"https:\/\/www.dental-lab.fr\/pt-pt\/#website"},"primaryImageOfPage":{"@id":"https:\/\/www.dental-lab.fr\/pt-pt\/#primaryimage"},"image":{"@id":"https:\/\/www.dental-lab.fr\/pt-pt\/#primaryimage"},"thumbnailUrl":"https:\/\/www.dental-lab.fr\/wp-content\/uploads\/2023\/09\/dental-lab-dents.png","datePublished":"2022-12-27T16:19:52+00:00","dateModified":"2023-10-13T16:59:03+00:00","description":"A vasta experi\u00eancia e as novas t\u00e9cnicas de produ\u00e7\u00e3o inovadoras do nosso laborat\u00f3rio dent\u00e1rio distinguem-nos.","inLanguage":"pt-PT","potentialAction":[{"@type":"ReadAction","target":["https:\/\/www.dental-lab.fr\/pt-pt\/"]}]},{"@type":"ImageObject","inLanguage":"pt-PT","@id":"https:\/\/www.dental-lab.fr\/pt-pt\/#primaryimage","url":"https:\/\/www.dental-lab.fr\/wp-content\/uploads\/2023\/09\/dental-lab-dents.png","contentUrl":"https:\/\/www.dental-lab.fr\/wp-content\/uploads\/2023\/09\/dental-lab-dents.png"},{"@type":"WebSite","@id":"https:\/\/www.dental-lab.fr\/pt-pt\/#website","url":"https:\/\/www.dental-lab.fr\/pt-pt\/","name":"Dental Lab","description":"Laboratoire Dental","publisher":{"@id":"https:\/\/www.dental-lab.fr\/pt-pt\/#organization"},"potentialAction":[{"@type":"SearchAction","target":{"@type":"EntryPoint","urlTemplate":"https:\/\/www.dental-lab.fr\/pt-pt\/?s={search_term_string}"},"query-input":{"@type":"PropertyValueSpecification","valueRequired":true,"valueName":"search_term_string"}}],"inLanguage":"pt-PT"},{"@type":"Organization","@id":"https:\/\/www.dental-lab.fr\/pt-pt\/#organization","name":"Dental Lab","url":"https:\/\/www.dental-lab.fr\/pt-pt\/","logo":{"@type":"ImageObject","inLanguage":"pt-PT","@id":"https:\/\/www.dental-lab.fr\/pt-pt\/#\/schema\/logo\/image\/","url":"https:\/\/www.dental-lab.fr\/wp-content\/uploads\/2014\/07\/logolineas.jpg","contentUrl":"https:\/\/www.dental-lab.fr\/wp-content\/uploads\/2014\/07\/logolineas.jpg","width":180,"height":100,"caption":"Dental Lab"},"image":{"@id":"https:\/\/www.dental-lab.fr\/pt-pt\/#\/schema\/logo\/image\/"}}]}},"_links":{"self":[{"href":"https:\/\/www.dental-lab.fr\/pt-pt\/wp-json\/wp\/v2\/pages\/13184","targetHints":{"allow":["GET"]}}],"collection":[{"href":"https:\/\/www.dental-lab.fr\/pt-pt\/wp-json\/wp\/v2\/pages"}],"about":[{"href":"https:\/\/www.dental-lab.fr\/pt-pt\/wp-json\/wp\/v2\/types\/page"}],"author":[{"embeddable":true,"href":"https:\/\/www.dental-lab.fr\/pt-pt\/wp-json\/wp\/v2\/users\/1"}],"replies":[{"embeddable":true,"href":"https:\/\/www.dental-lab.fr\/pt-pt\/wp-json\/wp\/v2\/comments?post=13184"}],"version-history":[{"count":0,"href":"https:\/\/www.dental-lab.fr\/pt-pt\/wp-json\/wp\/v2\/pages\/13184\/revisions"}],"wp:attachment":[{"href":"https:\/\/www.dental-lab.fr\/pt-pt\/wp-json\/wp\/v2\/media?parent=13184"}],"curies":[{"name":"wp","href":"https:\/\/api.w.org\/{rel}","templated":true}]}}